{"id":365984,"date":"2022-04-07T15:52:13","date_gmt":"2022-04-07T13:52:13","guid":{"rendered":"https:\/\/compassion.ch\/sport\/"},"modified":"2022-04-13T14:24:48","modified_gmt":"2022-04-13T12:24:48","slug":"sport","status":"publish","type":"page","link":"https:\/\/staging.compassion.ch\/it\/sport\/","title":{"rendered":"Sport in favore dei pi\u00f9 poveri"},"content":{"rendered":"\t\t<div data-elementor-type=\"wp-page\" data-elementor-id=\"365984\" class=\"elementor elementor-365984 elementor-365548\" data-elementor-post-type=\"page\">\n\t\t\t\t\t\t<section class=\"elementor-section elementor-top-section elementor-element elementor-element-45e63745 elementor-section-full_width elementor-section-height-default elementor-section-height-default\" data-id=\"45e63745\" data-element_type=\"section\" data-settings=\"{&quot;shape_divider_bottom&quot;:&quot;triangle-asymmetrical&quot;,&quot;shape_divider_bottom_negative&quot;:&quot;yes&quot;}\">\n\t\t\t\t\t<div class=\"elementor-shape elementor-shape-bottom\" aria-hidden=\"true\" data-negative=\"true\">\n\t\t\t<svg xmlns=\"http:\/\/www.w3.org\/2000\/svg\" viewBox=\"0 0 1000 100\" preserveAspectRatio=\"none\">\n\t<path class=\"elementor-shape-fill\" d=\"M737.9,94.7L0,0v100h1000V0L737.9,94.7z\"\/>\n<\/svg>\t\t<\/div>\n\t\t\t\t\t<div class=\"elementor-container elementor-column-gap-default\">\n\t\t\t\t\t<div class=\"elementor-column elementor-col-100 elementor-top-column elementor-element elementor-element-466d9053\" data-id=\"466d9053\" data-element_type=\"column\">\n\t\t\t<div class=\"elementor-widget-wrap elementor-element-populated\">\n\t\t\t\t\t\t<div class=\"elementor-element elementor-element-9df6c47 elementor-widget elementor-widget-image\" data-id=\"9df6c47\" data-element_type=\"widget\" data-widget_type=\"image.default\">\n\t\t\t\t<div class=\"elementor-widget-container\">\n\t\t\t\t\t\t\t\t\t\t\t\t\t\t\t<img fetchpriority=\"high\" decoding=\"async\" width=\"2560\" height=\"1000\" src=\"https:\/\/staging.compassion.ch\/wp-content\/uploads\/2022\/04\/compassion_sport_events.jpg\" class=\"attachment-full size-full wp-image-365552\" alt=\"\" srcset=\"https:\/\/staging.compassion.ch\/wp-content\/uploads\/2022\/04\/compassion_sport_events.jpg 2560w, https:\/\/staging.compassion.ch\/wp-content\/uploads\/2022\/04\/compassion_sport_events-300x117.jpg 300w, https:\/\/staging.compassion.ch\/wp-content\/uploads\/2022\/04\/compassion_sport_events-1024x400.jpg 1024w, https:\/\/staging.compassion.ch\/wp-content\/uploads\/2022\/04\/compassion_sport_events-768x300.jpg 768w, https:\/\/staging.compassion.ch\/wp-content\/uploads\/2022\/04\/compassion_sport_events-1536x600.jpg 1536w, https:\/\/staging.compassion.ch\/wp-content\/uploads\/2022\/04\/compassion_sport_events-2048x800.jpg 2048w\" sizes=\"(max-width: 2560px) 100vw, 2560px\" \/>\t\t\t\t\t\t\t\t\t\t\t\t\t\t\t<\/div>\n\t\t\t\t<\/div>\n\t\t\t\t\t<\/div>\n\t\t<\/div>\n\t\t\t\t\t<\/div>\n\t\t<\/section>\n\t\t\t\t<section class=\"elementor-section elementor-top-section elementor-element elementor-element-ff39c7f elementor-section-boxed elementor-section-height-default elementor-section-height-default\" data-id=\"ff39c7f\" data-element_type=\"section\" data-settings=\"{&quot;background_background&quot;:&quot;classic&quot;}\">\n\t\t\t\t\t\t<div class=\"elementor-container elementor-column-gap-default\">\n\t\t\t\t\t<div class=\"elementor-column elementor-col-100 elementor-top-column elementor-element elementor-element-7e0a76b5\" data-id=\"7e0a76b5\" data-element_type=\"column\">\n\t\t\t<div class=\"elementor-widget-wrap elementor-element-populated\">\n\t\t\t\t\t\t<div class=\"elementor-element elementor-element-02584fc elementor-widget elementor-widget-heading\" data-id=\"02584fc\" data-element_type=\"widget\" data-widget_type=\"heading.default\">\n\t\t\t\t<div class=\"elementor-widget-container\">\n\t\t\t\t\t<h1 class=\"elementor-heading-title elementor-size-xl\">Sport in favore dei pi\u00f9 poveri<\/h1>\t\t\t\t<\/div>\n\t\t\t\t<\/div>\n\t\t\t\t<div class=\"elementor-element elementor-element-1df3a286 elementor-widget elementor-widget-text-editor\" data-id=\"1df3a286\" data-element_type=\"widget\" data-widget_type=\"text-editor.default\">\n\t\t\t\t<div class=\"elementor-widget-container\">\n\t\t\t\t\t\t\t\t\t<p>Compassion \u00e8 impegnata ogni anno in diverse attivit\u00e0 sportive, dalle pi\u00f9 estreme con il partner 4M Switzerland, dove si combinano allo sport, visite ai centri nel Sud con Muskathlon. Ad attivit\u00e0 sportive sul territorio Svizzero, Muskathlon in Svizzera o StraLugano.<\/p>\t\t\t\t\t\t\t\t<\/div>\n\t\t\t\t<\/div>\n\t\t\t\t<div class=\"elementor-element elementor-element-ccd077c elementor-widget elementor-widget-heading\" data-id=\"ccd077c\" data-element_type=\"widget\" data-widget_type=\"heading.default\">\n\t\t\t\t<div class=\"elementor-widget-container\">\n\t\t\t\t\t<h4 class=\"elementor-heading-title elementor-size-large\">I nostri prossimi eventi sportivi<\/h4>\t\t\t\t<\/div>\n\t\t\t\t<\/div>\n\t\t\t\t\t<\/div>\n\t\t<\/div>\n\t\t\t\t\t<\/div>\n\t\t<\/section>\n\t\t\t\t<\/div>\n\t\t","protected":false},"excerpt":{"rendered":"<p>Sport in favore dei pi\u00f9 poveri Compassion \u00e8 impegnata ogni anno in diverse attivit\u00e0 sportive, dalle pi\u00f9 estreme con il partner 4M Switzerland, dove si combinano allo sport, visite ai centri nel Sud con Muskathlon. Ad attivit\u00e0 sportive sul territorio<span class=\"excerpt_more\">&#8230;<\/span><\/p>\n","protected":false},"author":8,"featured_media":0,"parent":0,"menu_order":0,"comment_status":"closed","ping_status":"closed","template":"elementor_header_footer","meta":{"give_campaign_id":0,"footnotes":""},"class_list":["post-365984","page","type-page","status-publish","hentry"],"campaignId":"","_links":{"self":[{"href":"https:\/\/staging.compassion.ch\/it\/wp-json\/wp\/v2\/pages\/365984","targetHints":{"allow":["GET"]}}],"collection":[{"href":"https:\/\/staging.compassion.ch\/it\/wp-json\/wp\/v2\/pages"}],"about":[{"href":"https:\/\/staging.compassion.ch\/it\/wp-json\/wp\/v2\/types\/page"}],"author":[{"embeddable":true,"href":"https:\/\/staging.compassion.ch\/it\/wp-json\/wp\/v2\/users\/8"}],"replies":[{"embeddable":true,"href":"https:\/\/staging.compassion.ch\/it\/wp-json\/wp\/v2\/comments?post=365984"}],"version-history":[{"count":0,"href":"https:\/\/staging.compassion.ch\/it\/wp-json\/wp\/v2\/pages\/365984\/revisions"}],"wp:attachment":[{"href":"https:\/\/staging.compassion.ch\/it\/wp-json\/wp\/v2\/media?parent=365984"}],"curies":[{"name":"wp","href":"https:\/\/api.w.org\/{rel}","templated":true}]}}