{"id":13923,"date":"2016-03-08T16:49:54","date_gmt":"2016-03-08T15:49:54","guid":{"rendered":"https:\/\/compassion.ch\/que-change-votre-parrainage\/"},"modified":"2017-03-02T15:51:00","modified_gmt":"2017-03-02T14:51:00","slug":"cosa-fa-in-concreto-il-vostro-sostegno","status":"publish","type":"page","link":"https:\/\/staging.compassion.ch\/it\/cosa-fa-in-concreto-il-vostro-sostegno\/","title":{"rendered":"Cosa fa in concreto il vostro sostegno ?"},"content":{"rendered":"<div id=\"pl-13923\"  class=\"panel-layout\" ><div class=\"section background-blue section_abgerissen_unten remove_margin_bottom has_breadcrumb\" ><div class=\"row section_breadcrumb\"><ul id=\"breadcrumbs\" class=\"breadcrumbs\"><li class=\"item-home\"><a class=\"bread-link bread-home\" href=\"https:\/\/staging.compassion.ch\/it\/\" title=\"Home\">Home<\/a><\/li><li class=\"separator separator-home\"> <span class=\"triangle\"><\/span> <\/li><\/ul><\/div><div class=\"row section_row\"><div id=\"pg-13923-0\"  class=\"panel-grid panel-no-style\" ><div id=\"pgc-13923-0-0\"  class=\"panel-grid-cell panel-grid-cell-empty\" ><\/div><div id=\"pgc-13923-0-1\"  class=\"panel-grid-cell panel-grid-cell-mobile-last\" ><div id=\"panel-13923-0-1-0\" class=\"so-panel widget widget_sow-editor panel-first-child panel-last-child\" data-index=\"0\" ><div\n\t\t\t\n\t\t\tclass=\"so-widget-sow-editor so-widget-sow-editor-base\"\n\t\t\t\n\t\t>\n<div class=\"siteorigin-widget-tinymce textwidget\">\n\t<h2 style=\"text-align: center;\">Cosa fa in concreto il vostro sostegno?<\/h2>\n<p class=\"subtitle\" style=\"text-align: center;\">Il vostro sostegno consente di investire nella vita di un bambino e di liberarlo dalla povert\u00e0 estrema. Ogni bambino \u00e8 unico: una personalit\u00e0 incredibile con un grande potenziale. Con voi, ci impegniamo a garantire che il maggior numero possibile di bambini abbiano la possibilit\u00e0 di crescere e vivere con dignit\u00e0.<\/p>\n<\/div>\n<\/div><\/div><\/div><div id=\"pgc-13923-0-2\"  class=\"panel-grid-cell panel-grid-cell-empty\" ><\/div><\/div><\/div><\/div><div class=\"section background-beige-gradient background-beige\" ><div class=\"row section_row\"><div id=\"pg-13923-1\"  class=\"panel-grid panel-no-style\" ><div id=\"pgc-13923-1-0\"  class=\"panel-grid-cell\" ><div id=\"panel-13923-1-0-0\" class=\"so-panel widget widget_siteorigin-panels-builder panel-first-child panel-last-child\" data-index=\"1\" ><div id=\"pl-w58a3fed1aa0f8\"  class=\"panel-layout\" ><div class=\"row section_row\"><div id=\"pg-w58a3fed1aa0f8-0\"  class=\"panel-grid panel-no-style\" ><div id=\"pgc-w58a3fed1aa0f8-0-0\"  class=\"panel-grid-cell\" ><div id=\"panel-w58a3fed1aa0f8-0-0-0\" class=\"so-panel widget widget_teaser-box panel-first-child\" data-index=\"0\" ><div\n\t\t\t\n\t\t\tclass=\"so-widget-teaser-box so-widget-teaser-box-teaser-box-style-d75171398898\"\n\t\t\t\n\t\t><div class=\"teaser-box\">\n  <div class=\"image position-\" style=\"background-image: url(https:\/\/staging.compassion.ch\/wp-content\/uploads\/2016\/03\/Babymassband.jpg);\"><\/div>\n  <h4 class=\"svg-divider\">Sostegno medico e supporto alimentare<\/h4>\n  Compassion assicura un controllo medico periodico per ogni bambino, garantendo assistenza e cure. Ogni bambino riceve i vaccini di base quando inizia il programma di sostegno. Se c\u2019\u00e8 bisogno di un trattamento medico particolare, la cura viene organizzata rapidamente. Nel caso in cui ci fossero problemi di salute pi\u00f9 gravi, e fosse necessaria un'operazione, verranno utilizzate le donazioni dal fondo \"aiuto medico\". Nel Centro Compassion, i bambini ricevono una formazione in materia di igiene personale, salute ed educazione alimentare. I bambini sviluppano una dieta sana ed equilibrata. Inoltre, vengono a loro proposte delle attivit\u00e0 sportive come il calcio, la pallavolo e la danza.<\/div>\n<\/div><\/div><div id=\"panel-w58a3fed1aa0f8-0-0-1\" class=\"so-panel widget widget_teaser-box panel-last-child\" data-index=\"1\" ><div\n\t\t\t\n\t\t\tclass=\"so-widget-teaser-box so-widget-teaser-box-teaser-box-style-d75171398898\"\n\t\t\t\n\t\t><div class=\"teaser-box\">\n  <div class=\"image position-\" style=\"background-image: url(https:\/\/staging.compassion.ch\/wp-content\/uploads\/2016\/07\/DDIECKMANN-23.jpg);\"><\/div>\n  <h4 class=\"svg-divider\">Sviluppo delle competenze sociali<\/h4>\n  Un fattore essenziale per il corretto sviluppo del bambino \u00e8 quello di insegnargli il rispetto reciproco e la vita comunitaria. Nei Centri Compassion, i bambini imparano i valori che li aiuteranno a crescere con fiducia, dignit\u00e0 e rispetto verso il prossimo. Il Centro offre attivit\u00e0 che aiutano nella scoperta e nello sviluppo di doti e doni personali, nonch\u00e9 attivit\u00e0 culturali e ricreative per svilupparli e metterli in pratica. L'approccio olistico dei programmi di sostegno di Compassion e l'istruzione scolastica preparano i bambini ad affrontare il futuro.\n<\/div>\n<\/div><\/div><\/div><div id=\"pgc-w58a3fed1aa0f8-0-1\"  class=\"panel-grid-cell\" ><div id=\"panel-w58a3fed1aa0f8-0-1-0\" class=\"so-panel widget widget_teaser-box panel-first-child\" data-index=\"2\" ><div\n\t\t\t\n\t\t\tclass=\"so-widget-teaser-box so-widget-teaser-box-teaser-box-style-d75171398898\"\n\t\t\t\n\t\t><div class=\"teaser-box\">\n  <div class=\"image position-\" style=\"background-image: url(https:\/\/staging.compassion.ch\/wp-content\/uploads\/2016\/03\/compassion-3.jpg);\"><\/div>\n  <h4 class=\"svg-divider\">Supporto scolastico e cognitivo<\/h4>\n  Il sostegno scolastico per i bambini pu\u00f2 assumere forme diverse, a seconda del paese. Per esempio Compassion si fa carico delle tasse scolastiche dei bambini (questo pu\u00f2 includere corsi di supporto, uniformi scolastiche e materiale didattico). Oltre alla scuola e all\u2019istruzione generale, Compassion si concentra sulla formazione personale del bambino, aiutandolo nello sviluppo della propria personalit\u00e0. A seconda dell'et\u00e0, i bambini ricevono una formazione sulla flora e fauna dell\u2019area in cui vivono, vengono educati in materia di protezione ambientale, acquisiscono una panoramica delle diverse professioni ed imparano a gestire i loro beni o a creare un business plan. I bambini hanno anche la possibilit\u00e0 di prendere lezioni di artigianato o informatica.\n<\/div>\n<\/div><\/div><div id=\"panel-w58a3fed1aa0f8-0-1-1\" class=\"so-panel widget widget_teaser-box panel-last-child\" data-index=\"3\" ><div\n\t\t\t\n\t\t\tclass=\"so-widget-teaser-box so-widget-teaser-box-teaser-box-style-d75171398898\"\n\t\t\t\n\t\t><div class=\"teaser-box\">\n  <div class=\"image position-\" style=\"background-image: url(https:\/\/staging.compassion.ch\/wp-content\/uploads\/2016\/07\/DDIECKMANN-32.jpg);\"><\/div>\n  <h4 class=\"svg-divider\">Un insegnamento cristiano<\/h4>\n  <p>Nella maggior parte dei paesi del Sud del mondo, la spiritualit\u00e0 ha un ruolo importante. Convinti che l'amore di Dio \u00e8 una chiave essenziale per lo sviluppo della fiducia e una speranza per il futuro, Compassion insegna ai bambini il messaggio cristiano. Ogni bambino riceve in dono una Bibbia.<\/p><p>Queste attivit\u00e0 sono possibili previo consenso dei genitori. Nessun bambino \u00e8 costretto ad aderire alla fede cristiana per beneficiare del sostegno. Compassion accetta tutti i bambini, indipendentemente dalla loro appartenenza religiosa.<\/p><\/div>\n<\/div><\/div><\/div><\/div><\/div><\/div><\/div><\/div><\/div><\/div><\/div><div class=\"section background-image section_full_width\" ><div id=\"pg-13923-2\"  class=\"panel-grid panel-no-style\" ><div id=\"pgc-13923-2-0\"  class=\"panel-grid-cell\" ><div id=\"panel-13923-2-0-0\" class=\"so-panel widget widget_sow-editor panel-first-child\" data-index=\"2\" ><div\n\t\t\t\n\t\t\tclass=\"so-widget-sow-editor so-widget-sow-editor-base\"\n\t\t\t\n\t\t>\n<div class=\"siteorigin-widget-tinymce textwidget\">\n\t<h2 style=\"text-align: center;\">DATE ORA IL VOSTRO CONTRIBUTO<\/h2>\n<\/div>\n<\/div><\/div><div id=\"panel-13923-2-0-1\" class=\"so-panel widget widget_siteorigin-panels-builder panel-last-child\" data-index=\"3\" ><div id=\"pl-w58b831546b309\"  class=\"panel-layout\" ><div class=\"row section_row\"><div id=\"pg-w58b831546b309-0\"  class=\"panel-grid panel-has-style\" ><div class=\"panel-row-style panel-row-style-for-w58b831546b309-0\" ><div id=\"pgc-w58b831546b309-0-0\"  class=\"panel-grid-cell\" ><div id=\"panel-w58b831546b309-0-0-0\" class=\"so-panel widget widget_sow-editor panel-first-child\" data-index=\"0\" ><div\n\t\t\t\n\t\t\tclass=\"so-widget-sow-editor so-widget-sow-editor-base\"\n\t\t\t\n\t\t>\n<div class=\"siteorigin-widget-tinymce textwidget\">\n\t<h4 class=\"text-uppercase\" style=\"text-align: center;\">Fondi Compassion<\/h4>\n<p style=\"text-align: center;\">I  nostri fondi di aiuti supplementari contribuiscono ad assistere i bambini sostenuti e quelli ancora in attesa di un sostenitore, le loro famiglie e le comunit\u00e0.<\/p>\n<\/div>\n<\/div><\/div><div id=\"panel-w58b831546b309-0-0-1\" class=\"so-panel widget widget_widget-button panel-last-child\" data-index=\"1\" ><div\n\t\t\t\n\t\t\tclass=\"so-widget-widget-button so-widget-widget-button-widget-button-style-d75171398898\"\n\t\t\t\n\t\t>\n  <div class=\"button-center-wrapper\">\n\n<a href=\"\/it\/donare\" class=\"button button-blue button-center button-medium\">Dona ora<\/a>\n\n  <\/div>\n<\/div><\/div><\/div><div id=\"pgc-w58b831546b309-0-1\"  class=\"panel-grid-cell\" ><div id=\"panel-w58b831546b309-0-1-0\" class=\"so-panel widget widget_sow-editor panel-first-child\" data-index=\"2\" ><div\n\t\t\t\n\t\t\tclass=\"so-widget-sow-editor so-widget-sow-editor-base\"\n\t\t\t\n\t\t>\n<div class=\"siteorigin-widget-tinymce textwidget\">\n\t<h4 class=\"text-uppercase\" style=\"text-align: center;\">Diventate un sostenitore<\/h4>\n<p style=\"text-align: center;\">Il sostegno \u00e8 l'inizio di un legame unico che si crea tra voi e il vostro bambino. Con un supporto mensile CHF 42.- si inizia a trasformare la sua vita.<\/p>\n<\/div>\n<\/div><\/div><div id=\"panel-w58b831546b309-0-1-1\" class=\"so-panel widget widget_widget-button panel-last-child\" data-index=\"3\" ><div\n\t\t\t\n\t\t\tclass=\"so-widget-widget-button so-widget-widget-button-widget-button-style-d75171398898\"\n\t\t\t\n\t\t>\n  <div class=\"button-center-wrapper\">\n\n<a href=\"\/it\/sostieni-un-bambino\/\" class=\"button button-blue button-center button-medium\">Sostieni un bambino<\/a>\n\n  <\/div>\n<\/div><\/div><\/div><\/div><\/div><\/div><\/div><\/div><\/div><\/div><img decoding=\"async\" class=\"background-image-element\" src=\"https:\/\/staging.compassion.ch\/wp-content\/uploads\/2016\/06\/footer_02.jpg\"><\/div><\/div><\/div>","protected":false},"excerpt":{"rendered":"<p>Cosa fa in concreto il vostro sostegno? Il vostro sostegno consente di investire nella vita di un bambino e di liberarlo dalla povert\u00e0 estrema. Ogni bambino \u00e8 unico: una personalit\u00e0 incredibile con un grande potenziale. Con voi, ci impegniamo a<span class=\"excerpt_more\">&#8230;<\/span><\/p>\n","protected":false},"author":8,"featured_media":0,"parent":0,"menu_order":0,"comment_status":"closed","ping_status":"closed","template":"","meta":{"give_campaign_id":0,"footnotes":""},"class_list":["post-13923","page","type-page","status-publish","hentry"],"campaignId":"","_links":{"self":[{"href":"https:\/\/staging.compassion.ch\/it\/wp-json\/wp\/v2\/pages\/13923","targetHints":{"allow":["GET"]}}],"collection":[{"href":"https:\/\/staging.compassion.ch\/it\/wp-json\/wp\/v2\/pages"}],"about":[{"href":"https:\/\/staging.compassion.ch\/it\/wp-json\/wp\/v2\/types\/page"}],"author":[{"embeddable":true,"href":"https:\/\/staging.compassion.ch\/it\/wp-json\/wp\/v2\/users\/8"}],"replies":[{"embeddable":true,"href":"https:\/\/staging.compassion.ch\/it\/wp-json\/wp\/v2\/comments?post=13923"}],"version-history":[{"count":0,"href":"https:\/\/staging.compassion.ch\/it\/wp-json\/wp\/v2\/pages\/13923\/revisions"}],"wp:attachment":[{"href":"https:\/\/staging.compassion.ch\/it\/wp-json\/wp\/v2\/media?parent=13923"}],"curies":[{"name":"wp","href":"https:\/\/api.w.org\/{rel}","templated":true}]}}