{"id":13401,"date":"2016-05-25T12:23:40","date_gmt":"2016-05-25T10:23:40","guid":{"rendered":"https:\/\/compassion.ch\/donations\/"},"modified":"2023-12-01T16:22:55","modified_gmt":"2023-12-01T15:22:55","slug":"donare","status":"publish","type":"page","link":"https:\/\/staging.compassion.ch\/it\/donare\/","title":{"rendered":"Donare"},"content":{"rendered":"<div id=\"pl-13401\"  class=\"panel-layout\" ><div class=\"section background-blue section_abgerissen_unten remove_margin_bottom section_full_width has_breadcrumb\" ><div class=\"row section_breadcrumb\"><ul id=\"breadcrumbs\" class=\"breadcrumbs\"><li class=\"item-home\"><a class=\"bread-link bread-home\" href=\"https:\/\/staging.compassion.ch\/it\/\" title=\"Home\">Home<\/a><\/li><li class=\"separator separator-home\"> <span class=\"triangle\"><\/span> <\/li><\/ul><\/div><div id=\"pg-13401-0\"  class=\"panel-grid panel-no-style\" ><div id=\"pgc-13401-0-0\"  class=\"panel-grid-cell\" ><div id=\"panel-13401-0-0-0\" class=\"so-panel widget widget_sow-editor panel-first-child panel-last-child\" data-index=\"0\" ><div\n\t\t\t\n\t\t\tclass=\"so-widget-sow-editor so-widget-sow-editor-base\"\n\t\t\t\n\t\t>\n<div class=\"siteorigin-widget-tinymce textwidget\">\n\t<h2 style=\"text-align: center;\">Donare \u2013 un aiuto pratico che va oltre il sostegno<\/h2>\n<p class=\"subtitle\" style=\"text-align: center;\">Con i fondi supplementari di aiuto, sosteniamo lo sviluppo dei bambini nei casi in cui i contributi di sponsorizzazione non siano sufficienti.<br \/>\nCon questi fondi, aiutiamo i bambini e le loro famiglie ad uscire delle situazioni di crisi in cui sono coinvolti.<\/p>\n<\/div>\n<\/div><\/div><\/div><\/div><\/div><\/div><div class=\"section background-beige\" ><div class=\"row section_row\"><div id=\"pg-13401-1\"  class=\"panel-grid panel-no-style\" ><div id=\"pgc-13401-1-0\"  class=\"panel-grid-cell\" ><div id=\"panel-13401-1-0-0\" class=\"so-panel widget widget_siteorigin-panels-builder panel-first-child panel-last-child\" data-index=\"1\" ><div id=\"pl-w6569fa4fbf2be\"  class=\"panel-layout\" ><div class=\"section matchHeight\" ><div class=\"row section_row\"><div id=\"pg-w6569fa4fbf2be-0\"  class=\"panel-grid panel-no-style\" ><div id=\"pgc-w6569fa4fbf2be-0-0\"  class=\"panel-grid-cell\" ><div id=\"panel-w6569fa4fbf2be-0-0-0\" class=\"so-panel widget widget_teaser-box panel-first-child panel-last-child\" data-index=\"0\" ><div id=\"img_don_top\" class=\"panel-widget-style panel-widget-style-for-w6569fa4fbf2be-0-0-0\" ><div\n\t\t\t\n\t\t\tclass=\"so-widget-teaser-box so-widget-teaser-box-teaser-box-style-d75171398898\"\n\t\t\t\n\t\t><div class=\"teaser-box\">\n  <div class=\"image position-\" style=\"background-image: url(https:\/\/staging.compassion.ch\/wp-content\/uploads\/2022\/06\/food_crisis_compassion.jpg);\"><\/div>\n  <h4 class=\"svg-divider\">Distribuzione delle riserve alimentari<\/h4>\n  <p>Il programma di aiuti alimentare \u00e8 una risposta al massiccio aumento dei prezzi dei prodotti alimentari dovuto all'attuale crisi alimentare. Il programma distribuisce scorte alimentari alle famiglie in situazioni di particolare vulnerabilit\u00e0.<\/p>\n<p><a id=\"#\" href=\"https:\/\/staging.compassion.ch\/it\/la-crisi-alimentare-e-grave\/#don\" class=\"button button-blue button-medium\">Dona ora<\/a><\/p>\n<\/div>\n<\/div><\/div><\/div><\/div><\/div><\/div><div class=\"section matchHeight\" ><div class=\"row section_row\"><div id=\"pg-w6569fa4fbf2be-1\"  class=\"panel-grid panel-no-style\" ><div id=\"pgc-w6569fa4fbf2be-1-0\"  class=\"panel-grid-cell\" ><div id=\"panel-w6569fa4fbf2be-1-0-0\" class=\"so-panel widget widget_teaser-box panel-first-child panel-last-child\" data-index=\"1\" ><div\n\t\t\t\n\t\t\tclass=\"so-widget-teaser-box so-widget-teaser-box-teaser-box-style-d75171398898\"\n\t\t\t\n\t\t><div class=\"teaser-box\">\n  <div class=\"image position-center\" style=\"background-image: url(https:\/\/staging.compassion.ch\/wp-content\/uploads\/2022\/05\/compassion_survival.jpg);\"><\/div>\n  <h4 class=\"svg-divider\">Proteggere madri e bambini<\/h4>\n  <p>Il programma di sopravvivenza per mamme e neonati \u00e8 stato concepito per sostenere le donne in gravidanza e i loro bambini. Avere una gravidanza sicura, partorire in una struttura medica adeguata, ricevere assistenza psicosociale e spirituale, formazione sulla maternit\u00e0 e formazione professionale.<\/p>\n<p><a id=\"#\" href=\"\/it\/sopravvivenza\/\" class=\"button button-blue button-medium\">Dona ora<\/a><\/p>\n<\/div>\n<\/div><\/div><\/div><div id=\"pgc-w6569fa4fbf2be-1-1\"  class=\"panel-grid-cell\" ><div id=\"panel-w6569fa4fbf2be-1-1-0\" class=\"so-panel widget widget_teaser-box panel-first-child panel-last-child\" data-index=\"2\" ><div\n\t\t\t\n\t\t\tclass=\"so-widget-teaser-box so-widget-teaser-box-teaser-box-style-d75171398898\"\n\t\t\t\n\t\t><div class=\"teaser-box\">\n  <div class=\"image position-\" style=\"background-image: url(https:\/\/staging.compassion.ch\/wp-content\/uploads\/2016\/07\/weihnachtsgeschenk2.png);\"><\/div>\n  <h4 class=\"svg-divider\">Regalo di Natale<\/h4>\n  <p>Ogni bambino dei Centri Compassion riceve un regalo per Natale.<\/p>\n<p>Per questo, tutti gli anni nel mese di ottobre raccogliamo denaro affinch\u00e8 ogni bambino possa ricevere un dono, evitando la disparit\u00e0 tra bambini sostenuti e bambini in attesa di un sostenitore.<\/p>\n<p>Nel periodo di Natale tutti ricevono un regalo dello stesso valore economico.<\/p>\n<p>Il denaro che verserete per il regalo di Natale non andr\u00e0 dunque al bambino, ma in un fondo comune che sar\u00e0 diviso tra tutti i bambini sostenuti: questa \u00e8 la vera gioia del Natale!<\/p>\n<p><a id=\"#\" href=\"https:\/\/staging.compassion.ch\/it\/natale\/\" class=\"button button-blue button-medium\">Dona ora<\/a><\/p>\n<\/div>\n<\/div><\/div><\/div><\/div><\/div><div class=\"row section_row\"><div id=\"pg-w6569fa4fbf2be-2\"  class=\"panel-grid panel-no-style\" ><div id=\"pgc-w6569fa4fbf2be-2-0\"  class=\"panel-grid-cell\" ><div id=\"panel-w6569fa4fbf2be-2-0-0\" class=\"so-panel widget widget_teaser-box panel-first-child panel-last-child\" data-index=\"3\" ><div\n\t\t\t\n\t\t\tclass=\"so-widget-teaser-box so-widget-teaser-box-teaser-box-style-d75171398898\"\n\t\t\t\n\t\t><div class=\"teaser-box\">\n  <div class=\"image position-\" style=\"background-image: url(https:\/\/staging.compassion.ch\/wp-content\/uploads\/2016\/12\/compassion_fonds_urgence.jpg);\"><\/div>\n  <h4 class=\"svg-divider\">Emergenza calamit\u00e0 naturali<\/h4>\n  <p>Questo fondo \u00e8 pensato unicamente per le catastrofi che colpiscono i paesi in cui operiamo; ad esempio nei casi di terremoti, tsunami, alluvioni ecc\u2026<\/p>\n<p>Il vostro dono sar\u00e0 utilizzato dove \u00e8 pi\u00f9 necessario o verr\u00e0 destinato in uno degli altri fondi in caso di emergenze.<\/p>\n<p>Grazie per il vostro aiuto che sar\u00e0 di grande benedizione.<\/p>\n<p><a id=\"#\" href=\"\/it\/formulario-per-donazioni\/?fund_code=humanitaire\" class=\"button button-blue button-medium\">Dona ora<\/a><\/p>\n<\/div>\n<\/div><\/div><\/div><div id=\"pgc-w6569fa4fbf2be-2-1\"  class=\"panel-grid-cell\" ><div id=\"panel-w6569fa4fbf2be-2-1-0\" class=\"so-panel widget widget_teaser-box panel-first-child panel-last-child\" data-index=\"4\" ><div\n\t\t\t\n\t\t\tclass=\"so-widget-teaser-box so-widget-teaser-box-teaser-box-style-d75171398898\"\n\t\t\t\n\t\t><div class=\"teaser-box\">\n  <div class=\"image position-\" style=\"background-image: url(https:\/\/staging.compassion.ch\/wp-content\/uploads\/2020\/07\/compassion_TOGETHER_banner.jpg);\"><\/div>\n  <h4 class=\"svg-divider\">Inizia la tua raccolta fondi<\/h4>\n  <p>Maratona? Compleanno? Inizia il tuo progetto o unisciti a un progetto sulla nostra piattaforma interattiva di raccolta fondi TOGETHER !<\/p>\n<p>&nbsp;<\/p>\n<p><a id=\"#\" href=\"https:\/\/together.staging.compassion.ch\/it_IT\/homepage\" class=\"button button-blue button-medium\">Pi\u00f9 info<\/a><\/p>\n<\/div>\n<\/div><\/div><\/div><\/div><\/div><div class=\"row section_row\"><div id=\"pg-w6569fa4fbf2be-3\"  class=\"panel-grid panel-no-style\" ><div id=\"pgc-w6569fa4fbf2be-3-0\"  class=\"panel-grid-cell\" ><div id=\"panel-w6569fa4fbf2be-3-0-0\" class=\"so-panel widget widget_teaser-box panel-first-child panel-last-child\" data-index=\"5\" ><div\n\t\t\t\n\t\t\tclass=\"so-widget-teaser-box so-widget-teaser-box-teaser-box-style-d75171398898\"\n\t\t\t\n\t\t><div class=\"teaser-box\">\n  <div class=\"image position-\" style=\"background-image: url(https:\/\/staging.compassion.ch\/wp-content\/uploads\/2016\/12\/compassion_fonds_water.jpg);\"><\/div>\n  <h4 class=\"svg-divider\">Acqua pulita<\/h4>\n  <p>Questo fondo ci permette di costruire sistemi di depurazione delle acque per portare acqua potabile a centinaia di famiglie, ed evitare il rischio di malattie gravi.<\/p>\n<p>Il fondo serve anche per acquistare servizi igienici e serbatoi d'acqua per i Centri. Inoltre, viene finanziato un programma di educazione all'igiene e vengono forniti filtri per l'acqua alle famiglie dei bambini sostenuti.<\/p>\n<p><a id=\"#\" href=\"\/it\/formulario-per-donazioni\/?fund_code=wash\" class=\"button button-blue button-medium\">Dona ora<\/a><\/p>\n<\/div>\n<\/div><\/div><\/div><div id=\"pgc-w6569fa4fbf2be-3-1\"  class=\"panel-grid-cell\" ><div id=\"panel-w6569fa4fbf2be-3-1-0\" class=\"so-panel widget widget_teaser-box panel-first-child panel-last-child\" data-index=\"6\" ><div\n\t\t\t\n\t\t\tclass=\"so-widget-teaser-box so-widget-teaser-box-teaser-box-style-d75171398898\"\n\t\t\t\n\t\t><div class=\"teaser-box\">\n  <div class=\"image position-\" style=\"background-image: url(https:\/\/staging.compassion.ch\/wp-content\/uploads\/2016\/12\/compassion_fonds_medecine.jpg);\"><\/div>\n  <h4 class=\"svg-divider\">Aiuto medico<\/h4>\n  <p>Il fondo aiuto medico prevede il finanziamento di: specifici interventi chirurgici o medici e per le strutture per i bambini disabili, per esempio.<\/p>\n<p>Attraverso questo fondo, vengono finanziati farmaci per l\u2019AIDS\/HIV e campagne di salute e prevenzione contro la malaria.<\/p>\n<p>Il fondo fornisce assistenza nei paesi in cui l'assicurazione sanitaria \u00e8 una parola del tutto sconosciuta.<\/p>\n<p><a id=\"#\" href=\"\/it\/formulario-per-donazioni\/?fund_code=medical\" class=\"button button-blue button-medium\">Dona ora<\/a><\/p>\n<\/div>\n<\/div><\/div><\/div><\/div><\/div><div class=\"row section_row\"><div id=\"pg-w6569fa4fbf2be-4\"  class=\"panel-grid panel-no-style\" ><div id=\"pgc-w6569fa4fbf2be-4-0\"  class=\"panel-grid-cell\" ><div id=\"panel-w6569fa4fbf2be-4-0-0\" class=\"so-panel widget widget_teaser-box panel-first-child panel-last-child\" data-index=\"7\" ><div\n\t\t\t\n\t\t\tclass=\"so-widget-teaser-box so-widget-teaser-box-teaser-box-style-d75171398898\"\n\t\t\t\n\t\t><div class=\"teaser-box\">\n  <div class=\"image position-\" style=\"background-image: url(https:\/\/staging.compassion.ch\/wp-content\/uploads\/2016\/12\/compassion_fonds_parraine.jpg);\"><\/div>\n  <h4 class=\"svg-divider\">Bambini senza sostenitori<\/h4>\n  <p>Il fondo aiuta a sostenere i bambini che sono gi\u00e0 iscritti ad un Centro Compassion, ma che sono ancora in attesa di un sostenitore o hanno perso il proprio.<\/p>\n<p>I bambini non vengono esclusi dalle attivit\u00e0 del Centro, e nell\u2019attesa di trovare a loro un sostenitore, i costi vengono coperti da questo fondo speciale. Questo periodo di transizione \u00e8 di circa 6-8 mesi.<\/p>\n<p><a id=\"#\" href=\"\/it\/formulario-per-donazioni\/?fund_code=sansparrain\" class=\"button button-blue button-medium\">Dona ora<\/a><\/p>\n<\/div>\n<\/div><\/div><\/div><div id=\"pgc-w6569fa4fbf2be-4-1\"  class=\"panel-grid-cell\" ><div id=\"panel-w6569fa4fbf2be-4-1-0\" class=\"so-panel widget widget_teaser-box panel-first-child panel-last-child\" data-index=\"8\" ><div\n\t\t\t\n\t\t\tclass=\"so-widget-teaser-box so-widget-teaser-box-teaser-box-style-d75171398898\"\n\t\t\t\n\t\t><div class=\"teaser-box\">\n  <div class=\"image position-\" style=\"background-image: url(https:\/\/staging.compassion.ch\/wp-content\/uploads\/2016\/05\/compassion_legs.jpg);\"><\/div>\n  <h4 class=\"svg-divider\">Prolungate il vostro aiuto<\/h4>\n  <p>Includendo nel vostro testamento una donazione a Compassion Svizzera, potrete contribuire a cambiare la vita dei bambini che vivono in estrema povert\u00e0. Il vostro lascito o eredit\u00e0 saranno utilizzati da Compassion in base alle esigenze pi\u00f9 urgenti, o secondo la vostra volont\u00e0, per sostenere un progetto o un bambino in particolare. Non esitate a contattarci per ulteriori informazioni.<\/p>\n<p>\u00a0<\/p>\n<p><a id=\"#\" href=\"\/it\/contatti\/?richiesta=Testamento\" class=\"button button-blue button-medium\">Contattaci<\/a> \u00a0<a id=\"#\" href=\"\/wp-content\/uploads\/2016\/06\/Legs-2016_final_fr.pdf\" class=\"button button-blue button-medium\">Scarica la brochure<\/a><\/p>\n<\/div>\n<\/div><\/div><\/div><\/div><\/div><\/div><\/div><\/div><\/div><\/div><\/div><\/div>","protected":false},"excerpt":{"rendered":"<p>Donare \u2013 un aiuto pratico che va oltre il sostegno Con i fondi supplementari di aiuto, sosteniamo lo sviluppo dei bambini nei casi in cui i contributi di sponsorizzazione non siano sufficienti. Con questi fondi, aiutiamo i bambini e le<span class=\"excerpt_more\">&#8230;<\/span><\/p>\n","protected":false},"author":8,"featured_media":0,"parent":0,"menu_order":0,"comment_status":"closed","ping_status":"closed","template":"","meta":{"give_campaign_id":0,"footnotes":""},"class_list":["post-13401","page","type-page","status-publish","hentry"],"campaignId":"","_links":{"self":[{"href":"https:\/\/staging.compassion.ch\/it\/wp-json\/wp\/v2\/pages\/13401","targetHints":{"allow":["GET"]}}],"collection":[{"href":"https:\/\/staging.compassion.ch\/it\/wp-json\/wp\/v2\/pages"}],"about":[{"href":"https:\/\/staging.compassion.ch\/it\/wp-json\/wp\/v2\/types\/page"}],"author":[{"embeddable":true,"href":"https:\/\/staging.compassion.ch\/it\/wp-json\/wp\/v2\/users\/8"}],"replies":[{"embeddable":true,"href":"https:\/\/staging.compassion.ch\/it\/wp-json\/wp\/v2\/comments?post=13401"}],"version-history":[{"count":1,"href":"https:\/\/staging.compassion.ch\/it\/wp-json\/wp\/v2\/pages\/13401\/revisions"}],"predecessor-version":[{"id":496462,"href":"https:\/\/staging.compassion.ch\/it\/wp-json\/wp\/v2\/pages\/13401\/revisions\/496462"}],"wp:attachment":[{"href":"https:\/\/staging.compassion.ch\/it\/wp-json\/wp\/v2\/media?parent=13401"}],"curies":[{"name":"wp","href":"https:\/\/api.w.org\/{rel}","templated":true}]}}