{"id":9467,"date":"2016-07-29T09:33:18","date_gmt":"2016-07-29T07:33:18","guid":{"rendered":"https:\/\/compassion.ch\/?page_id=9467\/"},"modified":"2019-10-16T13:39:02","modified_gmt":"2019-10-16T11:39:02","slug":"spendenformular","status":"publish","type":"page","link":"https:\/\/staging.compassion.ch\/de\/spendenformular\/","title":{"rendered":"Spendenformular"},"content":{"rendered":"<div id=\"pl-9467\"  class=\"panel-layout\" ><div class=\"section background-blue section_abgerissen_unten remove_margin_bottom\" ><div class=\"row section_row\"><div id=\"pg-9467-0\"  class=\"panel-grid panel-no-style\" ><div id=\"pgc-9467-0-0\"  class=\"panel-grid-cell\" ><div id=\"panel-9467-0-0-0\" class=\"so-panel widget widget_sow-editor panel-first-child panel-last-child\" data-index=\"0\" ><div\n\t\t\t\n\t\t\tclass=\"so-widget-sow-editor so-widget-sow-editor-base\"\n\t\t\t\n\t\t>\n<div class=\"siteorigin-widget-tinymce textwidget\">\n\t<h2 style=\"text-align: center;\">Jetzt Spenden<\/h2>\n<p class=\"subtitle\" style=\"text-align: center;\">Mit deiner Spende unterst\u00fctzt du die Arbeit von Compassion und hilfst dabei, das Leben von Kindern aus \u00e4rmsten Verh\u00e4ltnissen zu verbessern. Deine Spende ist in der Schweiz steuerabzugsberechtigt. Vielen Dank f\u00fcr deinen Beitrag!<\/p>\n<\/div>\n<\/div><\/div><\/div><\/div><\/div><\/div><div class=\"section background-beige section_abgerissen_unten\" ><div class=\"row section_row\"><div id=\"pg-9467-1\"  class=\"panel-grid panel-no-style\" ><div id=\"pgc-9467-1-0\"  class=\"panel-grid-cell\" ><div id=\"panel-9467-1-0-0\" class=\"so-panel widget widget_sow-editor panel-first-child panel-last-child\" data-index=\"1\" ><div\n\t\t\t\n\t\t\tclass=\"so-widget-sow-editor so-widget-sow-editor-base\"\n\t\t\t\n\t\t>\n<div class=\"siteorigin-widget-tinymce textwidget\">\n\t<p>[donation-form form=\"donation\"]<\/p>\n<\/div>\n<\/div><\/div><\/div><\/div><\/div><\/div><div class=\"section section_full_width\" ><div id=\"pg-9467-2\"  class=\"panel-grid panel-no-style\" ><div id=\"pgc-9467-2-0\"  class=\"panel-grid-cell\" ><div id=\"panel-9467-2-0-0\" class=\"so-panel widget widget_image-slider panel-first-child panel-last-child\" data-index=\"2\" ><div\n\t\t\t\n\t\t\tclass=\"so-widget-image-slider so-widget-image-slider-image-slider-style-d75171398898-9467\"\n\t\t\t\n\t\t>\n<div class=\"slick-slider slick-carousel \" data-slickSlides=\"1\" data-slickScroll=\"1\" data-slickArrows=\"true\" data-slickDots=\"true\">\n\n  \n  <div class=\"slide\">\n    <div class=\"slide-image position-top\" style=\"background-image: url(https:\/\/staging.compassion.ch\/wp-content\/uploads\/2016\/07\/KTHIES-81.jpg);\"><\/div>\n    <div class=\"slide-content-wrapper\">\n      <div class=\"slide-content\">\n              <\/div>\n    <\/div>\n  <\/div>\n\n  \n<\/div>\n<\/div><\/div><\/div><\/div><\/div><\/div>","protected":false},"excerpt":{"rendered":"<p>Jetzt Spenden Mit deiner Spende unterst\u00fctzt du die Arbeit von Compassion und hilfst dabei, das Leben von Kindern aus \u00e4rmsten Verh\u00e4ltnissen zu verbessern. Deine Spende ist in der Schweiz steuerabzugsberechtigt. Vielen Dank f\u00fcr deinen Beitrag! [donation-form form=&#8220;donation&#8220;]<\/p>\n","protected":false},"author":8,"featured_media":0,"parent":0,"menu_order":0,"comment_status":"closed","ping_status":"closed","template":"","meta":{"give_campaign_id":0,"footnotes":""},"class_list":["post-9467","page","type-page","status-publish","hentry"],"campaignId":"","_links":{"self":[{"href":"https:\/\/staging.compassion.ch\/de\/wp-json\/wp\/v2\/pages\/9467","targetHints":{"allow":["GET"]}}],"collection":[{"href":"https:\/\/staging.compassion.ch\/de\/wp-json\/wp\/v2\/pages"}],"about":[{"href":"https:\/\/staging.compassion.ch\/de\/wp-json\/wp\/v2\/types\/page"}],"author":[{"embeddable":true,"href":"https:\/\/staging.compassion.ch\/de\/wp-json\/wp\/v2\/users\/8"}],"replies":[{"embeddable":true,"href":"https:\/\/staging.compassion.ch\/de\/wp-json\/wp\/v2\/comments?post=9467"}],"version-history":[{"count":0,"href":"https:\/\/staging.compassion.ch\/de\/wp-json\/wp\/v2\/pages\/9467\/revisions"}],"wp:attachment":[{"href":"https:\/\/staging.compassion.ch\/de\/wp-json\/wp\/v2\/media?parent=9467"}],"curies":[{"name":"wp","href":"https:\/\/api.w.org\/{rel}","templated":true}]}}