{"id":7909,"date":"2016-03-08T16:49:17","date_gmt":"2016-03-08T15:49:17","guid":{"rendered":"https:\/\/compassion.ch\/kinderpatenschaften\/finden-sie-ein-patenkind\/?lang=de"},"modified":"2023-09-01T10:55:54","modified_gmt":"2023-09-01T08:55:54","slug":"werde-pate","status":"publish","type":"page","link":"https:\/\/staging.compassion.ch\/de\/kinderpatenschaften\/werde-pate\/","title":{"rendered":"Finde ein Patenkind"},"content":{"rendered":"<div id=\"pl-7909\"  class=\"panel-layout\" ><div class=\"section background-blue section_abgerissen_unten section_full_width\" ><div id=\"pg-7909-0\"  class=\"panel-grid panel-no-style\" ><div id=\"pgc-7909-0-0\"  class=\"panel-grid-cell\" ><div id=\"panel-7909-0-0-0\" class=\"so-panel widget widget_sow-editor panel-first-child\" data-index=\"0\" ><div\n\t\t\t\n\t\t\tclass=\"so-widget-sow-editor so-widget-sow-editor-base\"\n\t\t\t\n\t\t>\n<div class=\"siteorigin-widget-tinymce textwidget\">\n\t<h2 style=\"text-align: center;\">DANKE, DASS DU EIN PATENKIND UNTERST\u00dcTZEN M\u00d6CHTEST!<\/h2>\n<\/div>\n<\/div><\/div><div id=\"panel-7909-0-0-1\" class=\"so-panel widget widget_sow-editor panel-last-child\" data-index=\"1\" ><div class=\"panel-widget-style panel-widget-style-for-7909-0-0-1\" ><div\n\t\t\t\n\t\t\tclass=\"so-widget-sow-editor so-widget-sow-editor-base\"\n\t\t\t\n\t\t>\n<div class=\"siteorigin-widget-tinymce textwidget\">\n\t<p class=\"subtitle\" style=\"text-align:center;\">Wenn man in extreme Armut hineingeboren wird, ist es schwer, herauszukommen. Deshalb unterst\u00fctzen wir Kinder in allen Bereichen ihres Lebens.<\/p>\n<p class=\"subtitle\" style=\"text-align:center;\">Mit 42.- CHF pro Monat erm\u00f6glichst du einem Kind, aus Armut befreit zu werden.<\/p>\n<\/div>\n<\/div><\/div><\/div><\/div><\/div><\/div><\/div><div class=\"section section_full_width\" ><div id=\"pg-7909-1\"  class=\"panel-grid panel-has-style\" ><div class=\"panel-row-style panel-row-style-for-7909-1\" ><div id=\"pgc-7909-1-0\"  class=\"panel-grid-cell\" ><div\n\t\t\t\n\t\t\tclass=\"so-widget-child-pool so-widget-child-pool-child-pool-style-d75171398898-7909\"\n\t\t\t\n\t\t>\n\n\n    <div class=\"row section_row posts-container\" data-equalizer data-equalize-on=\"large\" id=\"test-eq\">\n        <div class=\"row\">\n            <div class=\"filter-box\">\n\n                <h4>Suche einschr\u00e4nken<\/h4>\n                <form method=\"get\" action=\"#test-eq\">\n                    <div class=\"row blog-teaser\">\n                        <div class=\"small-12 large-4 column\">\n                            <select name=\"my_gender\" id=\"gender\" class=\"postform\">\n                                <option value=\"\" selected=\"selected\" >W\u00e4hle ein M\u00e4dchen oder einen Jungen<\/option>\n                                <option value=\"girl\"  >M\u00e4dchen<\/option>\n                                <option value=\"boy\"  >Junge<\/option>\n                            <\/select>\n                        <\/div>\n                        <div class=\"small-12 large-4 column\">\n                            <select name=\"my_age_slot\" id=\"age_slot\" class=\"postform\">\n                                <option value=\"0-50\" selected=\"selected\" >W\u00e4hle eine Altersgruppe<\/option>\n                                <option value=\"0-3\"  >0-3 Jahre alt<\/option>\n                                <option value=\"4-6\"  >4-6 Jahre alt<\/option>\n                                <option value=\"7-10\"  >7-10 Jahre alt<\/option>\n                                <option value=\"11-14\"  >11-14 Jahre alt<\/option>\n                                <option value=\"15-20\"  >15 Jahre und \u00e4lter<\/option>\n                            <\/select>\n                        <\/div>\n                        <div class=\"small-12 large-4 column\">\n                            <select name=\"my_country\" id=\"country\" class=\"postform\" onchange=\"this.form.submit()\">\n                                <option value=\"\" selected=\"selected\" >W\u00e4hle ein Land<\/option>\n                                                                    <option value=\"12982\"  >Bangladesch<\/option>\n                                                                    <option value=\"9125\"  >Bolivien<\/option>\n                                                                    <option value=\"9119\"  >Brasilien<\/option>\n                                                                    <option value=\"9131\"  >Burkina Faso<\/option>\n                                                                    <option value=\"9113\"  >Dominikanische Republik<\/option>\n                                                                    <option value=\"9107\"  >Ecuador<\/option>\n                                                                    <option value=\"9101\"  >El Salvador<\/option>\n                                                                    <option value=\"9097\"  >Ghana<\/option>\n                                                                    <option value=\"9093\"  >Haiti<\/option>\n                                                                    <option value=\"9091\"  >Honduras<\/option>\n                                                                    <option value=\"7934\"  >Indonesien<\/option>\n                                                                    <option value=\"9088\"  >Kenia<\/option>\n                                                                    <option value=\"9086\"  >Kolumbien<\/option>\n                                                                    <option value=\"8720\"  >Mexiko<\/option>\n                                                                    <option value=\"8718\"  >Nicaragua<\/option>\n                                                                    <option value=\"8713\"  >Philippinen<\/option>\n                                                                    <option value=\"8709\"  >Ruanda<\/option>\n                                                                    <option value=\"8707\"  >Sri Lanka<\/option>\n                                                                    <option value=\"8042\"  >Tansania<\/option>\n                                                                    <option value=\"8035\"  >Togo<\/option>\n                                                                    <option value=\"9139\"  >Uganda<\/option>\n                                                                    <option value=\"8669\"  >\u00c4thiopien<\/option>\n                                                            <\/select>\n                        <\/div>\n                    <\/div>\n                    <div class=\"row button-filter\">\n                        <div class=\"small-12 columns\">\n                            \n                          <!--  <a  class=\"button-medium button float-right trackclick\"\n                                href=\"?recommend1\"><\/a>-->\n                            <input class=\"button-medium button float-right\" type=\"submit\" name=\"submit\" id=\"submitorder\"\n                                   value=\"Suchen\"\/>\n                            <a class=\"button-medium button float-right\"\n                               href=\"https:\/\/staging.compassion.ch\/de\/kinderpatenschaften\/werde-pate\/\">Suche zur\u00fccksetzen<\/a>\n\n                            <a class=\"button-medium button float-right trackclick\"\n                               href=\"https:\/\/staging.compassion.ch\/de\/random-child\/\">F\u00fcr mich ausw\u00e4hlen<\/a>\n\n                        <\/div>\n                    <\/div>\n                <\/form>\n            <\/div>\n        <\/div>\n        \n                <!--\n\n\n\n$thumb = wp_get_attachment_image_src( get_post_thumbnail_id(get_the_id()), 'thumbnail_size' );\n\/\/ModifJK\n$thumb[0] = str_replace('z_0.6','z_0.8,q_70',(str_replace('w_320','w_400',str_replace('h_420','h_400',$thumb[0]))));\n\n-->\n\n<article class=\"column medium-6 large-4 blog-teaser child-teaser child\" data-equalizer-watch>\n  <div class=\"content-wrapper\">\n      <div class=\"thumb_cont\">\n\t  \t\t<a href=\"https:\/\/staging.compassion.ch\/de\/children\/adrian-2\/\">\n\t  \t\t           <img decoding=\"async\" src=\"https:\/\/staging.compassion.ch\/wp-content\/themes\/compassion\/assets\/img\/avatar_b.png\"\n                   \t\t\t<\/a>\n      <\/div>\n    <div class=\"content\" style=\"padding:5px;\">\n      <a href=\"https:\/\/staging.compassion.ch\/de\/children\/adrian-2\/\">\n        <h4 class=\"title svg-divider\">Adrian<\/h4>\n\n        <ul>\n          <li>5 Jahre | Junge | Bolivien<\/li>\n        <\/ul>\n\n      <\/a>\n      <a class=\"button\" href=\"https:\/\/staging.compassion.ch\/de\/children\/adrian-2\/\">Infos<\/a>\n\n    <\/div>\n\n\n <\/div>\n\n<\/article>\n\n            \n                <!--\n\n\n\n$thumb = wp_get_attachment_image_src( get_post_thumbnail_id(get_the_id()), 'thumbnail_size' );\n\/\/ModifJK\n$thumb[0] = str_replace('z_0.6','z_0.8,q_70',(str_replace('w_320','w_400',str_replace('h_420','h_400',$thumb[0]))));\n\n-->\n\n<article class=\"column medium-6 large-4 blog-teaser child-teaser child\" data-equalizer-watch>\n  <div class=\"content-wrapper\">\n      <div class=\"thumb_cont\">\n\t  \t\t<a href=\"https:\/\/staging.compassion.ch\/de\/children\/suprity-2\/\">\n\t  \t\t\t\n  \t\t\t<img decoding=\"async\" src=\"https:\/\/staging.compassion.ch\/wp-content\/themes\/compassion\/assets\/img\/avatar_g.png\"\n   \t\t\t   \t\t\t<\/a>\n      <\/div>\n    <div class=\"content\" style=\"padding:5px;\">\n      <a href=\"https:\/\/staging.compassion.ch\/de\/children\/suprity-2\/\">\n        <h4 class=\"title svg-divider\">Suprity<\/h4>\n\n        <ul>\n          <li>4 Jahre | M\u00e4dchen | Bangladesch<\/li>\n        <\/ul>\n\n      <\/a>\n      <a class=\"button\" href=\"https:\/\/staging.compassion.ch\/de\/children\/suprity-2\/\">Infos<\/a>\n\n    <\/div>\n\n\n <\/div>\n\n<\/article>\n\n            \n                <!--\n\n\n\n$thumb = wp_get_attachment_image_src( get_post_thumbnail_id(get_the_id()), 'thumbnail_size' );\n\/\/ModifJK\n$thumb[0] = str_replace('z_0.6','z_0.8,q_70',(str_replace('w_320','w_400',str_replace('h_420','h_400',$thumb[0]))));\n\n-->\n\n<article class=\"column medium-6 large-4 blog-teaser child-teaser child\" data-equalizer-watch>\n  <div class=\"content-wrapper\">\n      <div class=\"thumb_cont\">\n\t  \t\t<a href=\"https:\/\/staging.compassion.ch\/de\/children\/esther-2\/\">\n\t  \t\t\t\n  \t\t\t<img decoding=\"async\" src=\"https:\/\/staging.compassion.ch\/wp-content\/themes\/compassion\/assets\/img\/avatar_g.png\"\n   \t\t\t   \t\t\t<\/a>\n      <\/div>\n    <div class=\"content\" style=\"padding:5px;\">\n      <a href=\"https:\/\/staging.compassion.ch\/de\/children\/esther-2\/\">\n        <h4 class=\"title svg-divider\">Esther<\/h4>\n\n        <ul>\n          <li>5 Jahre | M\u00e4dchen | El Salvador<\/li>\n        <\/ul>\n\n      <\/a>\n      <a class=\"button\" href=\"https:\/\/staging.compassion.ch\/de\/children\/esther-2\/\">Infos<\/a>\n\n    <\/div>\n\n\n <\/div>\n\n<\/article>\n\n            \n                <!--\n\n\n\n$thumb = wp_get_attachment_image_src( get_post_thumbnail_id(get_the_id()), 'thumbnail_size' );\n\/\/ModifJK\n$thumb[0] = str_replace('z_0.6','z_0.8,q_70',(str_replace('w_320','w_400',str_replace('h_420','h_400',$thumb[0]))));\n\n-->\n\n<article class=\"column medium-6 large-4 blog-teaser child-teaser child\" data-equalizer-watch>\n  <div class=\"content-wrapper\">\n      <div class=\"thumb_cont\">\n\t  \t\t<a href=\"https:\/\/staging.compassion.ch\/de\/children\/anpi-2\/\">\n\t  \t\t           <img decoding=\"async\" src=\"https:\/\/staging.compassion.ch\/wp-content\/themes\/compassion\/assets\/img\/avatar_b.png\"\n                   \t\t\t<\/a>\n      <\/div>\n    <div class=\"content\" style=\"padding:5px;\">\n      <a href=\"https:\/\/staging.compassion.ch\/de\/children\/anpi-2\/\">\n        <h4 class=\"title svg-divider\">Anpi<\/h4>\n\n        <ul>\n          <li>11 Jahre | Junge | Haiti<\/li>\n        <\/ul>\n\n      <\/a>\n      <a class=\"button\" href=\"https:\/\/staging.compassion.ch\/de\/children\/anpi-2\/\">Infos<\/a>\n\n    <\/div>\n\n\n <\/div>\n\n<\/article>\n\n            \n                <!--\n\n\n\n$thumb = wp_get_attachment_image_src( get_post_thumbnail_id(get_the_id()), 'thumbnail_size' );\n\/\/ModifJK\n$thumb[0] = str_replace('z_0.6','z_0.8,q_70',(str_replace('w_320','w_400',str_replace('h_420','h_400',$thumb[0]))));\n\n-->\n\n<article class=\"column medium-6 large-4 blog-teaser child-teaser child\" data-equalizer-watch>\n  <div class=\"content-wrapper\">\n      <div class=\"thumb_cont\">\n\t  \t\t<a href=\"https:\/\/staging.compassion.ch\/de\/children\/mirea-2\/\">\n\t  \t\t\t\n  \t\t\t<img decoding=\"async\" src=\"https:\/\/staging.compassion.ch\/wp-content\/themes\/compassion\/assets\/img\/avatar_g.png\"\n   \t\t\t   \t\t\t<\/a>\n      <\/div>\n    <div class=\"content\" style=\"padding:5px;\">\n      <a href=\"https:\/\/staging.compassion.ch\/de\/children\/mirea-2\/\">\n        <h4 class=\"title svg-divider\">Mirea<\/h4>\n\n        <ul>\n          <li>6 Jahre | M\u00e4dchen | Honduras<\/li>\n        <\/ul>\n\n      <\/a>\n      <a class=\"button\" href=\"https:\/\/staging.compassion.ch\/de\/children\/mirea-2\/\">Infos<\/a>\n\n    <\/div>\n\n\n <\/div>\n\n<\/article>\n\n            \n                <!--\n\n\n\n$thumb = wp_get_attachment_image_src( get_post_thumbnail_id(get_the_id()), 'thumbnail_size' );\n\/\/ModifJK\n$thumb[0] = str_replace('z_0.6','z_0.8,q_70',(str_replace('w_320','w_400',str_replace('h_420','h_400',$thumb[0]))));\n\n-->\n\n<article class=\"column medium-6 large-4 blog-teaser child-teaser child\" data-equalizer-watch>\n  <div class=\"content-wrapper\">\n      <div class=\"thumb_cont\">\n\t  \t\t<a href=\"https:\/\/staging.compassion.ch\/de\/children\/tesfanesh-2\/\">\n\t  \t\t\t\n  \t\t\t<img decoding=\"async\" src=\"https:\/\/staging.compassion.ch\/wp-content\/themes\/compassion\/assets\/img\/avatar_g.png\"\n   \t\t\t   \t\t\t<\/a>\n      <\/div>\n    <div class=\"content\" style=\"padding:5px;\">\n      <a href=\"https:\/\/staging.compassion.ch\/de\/children\/tesfanesh-2\/\">\n        <h4 class=\"title svg-divider\">Tesfanesh<\/h4>\n\n        <ul>\n          <li>6 Jahre | M\u00e4dchen | \u00c4thiopien<\/li>\n        <\/ul>\n\n      <\/a>\n      <a class=\"button\" href=\"https:\/\/staging.compassion.ch\/de\/children\/tesfanesh-2\/\">Infos<\/a>\n\n    <\/div>\n\n\n <\/div>\n\n<\/article>\n\n                        <\/div>\n\n    <div class=\"row section_row\">\n\n\n        <!-- \t  \t  <div class=\"navigation text-center\"><p><a href=\"https:\/\/staging.compassion.ch\/de\/wp-json\/wp\/v2\/pages\/7909\/page\/2\/\" >N\u00e4chste Seite &raquo;<\/a><\/p><\/div> -->\n\n\n        \n\n            <div class=\"button-center-wrapper\">\n\n                <a href=\"#\" class=\"button button-beige button-center button-medium button-load-more\"\n                   data-paged=\"2\" data-maxPages=\"19\"\n                   data-query=\"{&quot;post_type&quot;:&quot;child&quot;,&quot;posts_per_page&quot;:6,&quot;paged&quot;:1,&quot;post_status&quot;:&quot;publish&quot;,&quot;orderby&quot;:&quot;meta_value_num title&quot;,&quot;meta_key&quot;:&quot;_child_start_date&quot;,&quot;order&quot;:&quot;asc&quot;,&quot;meta_query&quot;:{&quot;key&quot;:&quot;_child_reserved&quot;,&quot;value&quot;:&quot;false&quot;,&quot;compare&quot;:&quot;LIKE&quot;}}\">Mehr Kinder anzeigen<\/a>\n\n            <\/div>\n\n        \n\n    <\/div>\n<\/div><\/div><\/div><\/div><\/div><div class=\"section section_full_width\" ><div id=\"pg-7909-2\"  class=\"panel-grid panel-no-style\" ><div id=\"pgc-7909-2-0\"  class=\"panel-grid-cell panel-grid-cell-empty\" ><\/div><div id=\"pgc-7909-2-1\"  class=\"panel-grid-cell panel-grid-cell-mobile-last\" ><div id=\"panel-7909-2-1-0\" class=\"so-panel widget widget_sow-headline panel-first-child\" data-index=\"3\" ><div\n\t\t\t\n\t\t\tclass=\"so-widget-sow-headline so-widget-sow-headline-default-2d9d96674c6b-523591\"\n\t\t\t\n\t\t><div class=\"sow-headline-container \">\n\t\t\t\t\t\t\t<h2 class=\"sow-headline\">\n\t\t\t\t\t\tSo funktioniert es\t\t\t\t\t\t<\/h2>\n\t\t\t\t\t\t\t\t\t\t\t\t<h3 class=\"sow-sub-headline\">\n\t\t\t\t\t\tWas gibt es besseres, als mit dem, was wir heute haben, etwas zu schaffen, was f\u00fcr immer bleibt? Deine Patenschaft begegnet nicht nur der aktuellen Not von Kindern in Armut. In Zusammenarbeit mit den lokalen Kirchgemeinden ver\u00e4ndert sie das Leben eines Kindes und durchbricht den Kreislauf der Armut.\t\t\t\t\t\t<\/h3>\n\t\t\t\t\t\t<\/div>\n<\/div><\/div><div id=\"panel-7909-2-1-1\" class=\"so-panel widget widget_siteorigin-panels-builder panel-last-child\" data-index=\"4\" ><div class=\"childpool_123 panel-widget-style panel-widget-style-for-7909-2-1-1\" ><div id=\"pl-w64f1a71abb590\"  class=\"panel-layout\" ><div class=\"section section_full_width\" ><div id=\"pg-w64f1a71abb590-0\"  class=\"panel-grid panel-no-style\" ><div id=\"pgc-w64f1a71abb590-0-0\"  class=\"panel-grid-cell\" ><div id=\"panel-w64f1a71abb590-0-0-0\" class=\"so-panel widget widget_ink-media-box panel-first-child panel-last-child\" data-index=\"0\" ><div\n\t\t\t\n\t\t\tclass=\"so-widget-ink-media-box so-widget-ink-media-box-media-box-0b6158fb503e\"\n\t\t\t\n\t\t>\n<div class=\"iw-so-media-box\">\n\n\t<div class=\"iw-so-media-box-media\">\n\n\t\t\t\t\t<center><img fetchpriority=\"high\" decoding=\"async\" width=\"567\" height=\"439\" src=\"https:\/\/staging.compassion.ch\/wp-content\/uploads\/2021\/06\/sponsorship1.png\" class=\"attachment-full size-full\" alt=\"\" srcset=\"https:\/\/staging.compassion.ch\/wp-content\/uploads\/2021\/06\/sponsorship1.png 567w, https:\/\/staging.compassion.ch\/wp-content\/uploads\/2021\/06\/sponsorship1-300x232.png 300w\" sizes=\"(max-width: 567px) 100vw, 567px\" \/><\/center>\n\t\t\n\t<\/div>\n\n\t<div class=\"iw-so-media-box-text\">\n\n\t\t\t\t\t<h3 class=\"iw-so-media-box-title iw-text-center\">W\u00e4hle ein Kind aus<\/h3>\n\t\t\t\t\t\t\t<p class=\"iw-so-media-box-content iw-text-center\">Werde Pate eines Kindes und verbinde dich mit ihm. Jede Woche besucht dein Patenkind das Kinderzentrum, dass an eine lokale Kirchgemeinde angegliedert ist. Dort erf\u00e4hrt dein Patenkind eine liebevolle, sichere Umgebung. Dort kann dein Patenkind Kind sein, wachsen, spielen und sich entwickeln.<\/p>\n\t\t\n\t<\/div>\n\n\t<div class=\"iw-so-media-box-button\">\n\n\t\t\n\t<\/div>\n\n<\/div>\n<\/div><\/div><\/div><div id=\"pgc-w64f1a71abb590-0-1\"  class=\"panel-grid-cell\" ><div id=\"panel-w64f1a71abb590-0-1-0\" class=\"so-panel widget widget_ink-media-box panel-first-child panel-last-child\" data-index=\"1\" ><div\n\t\t\t\n\t\t\tclass=\"so-widget-ink-media-box so-widget-ink-media-box-media-box-0b6158fb503e\"\n\t\t\t\n\t\t>\n<div class=\"iw-so-media-box\">\n\n\t<div class=\"iw-so-media-box-media\">\n\n\t\t\t\t\t<center><img decoding=\"async\" width=\"567\" height=\"439\" src=\"https:\/\/staging.compassion.ch\/wp-content\/uploads\/2021\/06\/sponsorship2.png\" class=\"attachment-full size-full\" alt=\"\" srcset=\"https:\/\/staging.compassion.ch\/wp-content\/uploads\/2021\/06\/sponsorship2.png 567w, https:\/\/staging.compassion.ch\/wp-content\/uploads\/2021\/06\/sponsorship2-300x232.png 300w\" sizes=\"(max-width: 567px) 100vw, 567px\" \/><\/center>\n\t\t\n\t<\/div>\n\n\t<div class=\"iw-so-media-box-text\">\n\n\t\t\t\t\t<h3 class=\"iw-so-media-box-title iw-text-center\">Verbinde dich mit deinem Patenkind<\/h3>\n\t\t\t\t\t\t\t<p class=\"iw-so-media-box-content iw-text-center\">Lerne dein Patenkind durch das Schreiben von Briefen kennen. Daf\u00fcr kannst du bequem online schreiben. Deine Briefe haben eine starke Wirkung auf das Leben deines Patenkindes. Du kannst dein Patenkind auch besuchen, um es pers\u00f6nlich kennenzulernen.<\/p>\n\t\t\n\t<\/div>\n\n\t<div class=\"iw-so-media-box-button\">\n\n\t\t\n\t<\/div>\n\n<\/div>\n<\/div><\/div><\/div><div id=\"pgc-w64f1a71abb590-0-2\"  class=\"panel-grid-cell\" ><div id=\"panel-w64f1a71abb590-0-2-0\" class=\"so-panel widget widget_ink-media-box panel-first-child panel-last-child\" data-index=\"2\" ><div\n\t\t\t\n\t\t\tclass=\"so-widget-ink-media-box so-widget-ink-media-box-media-box-0b6158fb503e\"\n\t\t\t\n\t\t>\n<div class=\"iw-so-media-box\">\n\n\t<div class=\"iw-so-media-box-media\">\n\n\t\t\t\t\t<center><img decoding=\"async\" width=\"567\" height=\"439\" src=\"https:\/\/staging.compassion.ch\/wp-content\/uploads\/2021\/06\/sponsorship3.png\" class=\"attachment-full size-full\" alt=\"\" srcset=\"https:\/\/staging.compassion.ch\/wp-content\/uploads\/2021\/06\/sponsorship3.png 567w, https:\/\/staging.compassion.ch\/wp-content\/uploads\/2021\/06\/sponsorship3-300x232.png 300w\" sizes=\"(max-width: 567px) 100vw, 567px\" \/><\/center>\n\t\t\n\t<\/div>\n\n\t<div class=\"iw-so-media-box-text\">\n\n\t\t\t\t\t<h3 class=\"iw-so-media-box-title iw-text-center\">Ver\u00e4ndere ein Leben<\/h3>\n\t\t\t\t\t\t\t<p class=\"iw-so-media-box-content iw-text-center\">Deine Unterst\u00fctzung gibt einem Kind die lebensver\u00e4ndernde Chance, sich ganzheitlich zu entwickeln. Deine Patenschaft schafft eine Verbindung, die st\u00e4rker ist als Armut.<\/p>\n\t\t\n\t<\/div>\n\n\t<div class=\"iw-so-media-box-button\">\n\n\t\t\n\t<\/div>\n\n<\/div>\n<\/div><\/div><\/div><\/div><\/div><\/div><\/div><\/div><\/div><div id=\"pgc-7909-2-2\"  class=\"panel-grid-cell panel-grid-cell-empty\" ><\/div><\/div><\/div><\/div>","protected":false},"excerpt":{"rendered":"<p>DANKE, DASS DU EIN PATENKIND UNTERST\u00dcTZEN M\u00d6CHTEST! Wenn man in extreme Armut hineingeboren wird, ist es schwer, herauszukommen. Deshalb unterst\u00fctzen wir Kinder in allen Bereichen ihres Lebens. Mit 42.- CHF pro Monat erm\u00f6glichst du einem Kind, aus Armut befreit zu<span class=\"excerpt_more\">&#8230;<\/span><\/p>\n","protected":false},"author":8,"featured_media":0,"parent":7907,"menu_order":0,"comment_status":"closed","ping_status":"closed","template":"","meta":{"give_campaign_id":0,"footnotes":""},"class_list":["post-7909","page","type-page","status-publish","hentry"],"campaignId":"","_links":{"self":[{"href":"https:\/\/staging.compassion.ch\/de\/wp-json\/wp\/v2\/pages\/7909","targetHints":{"allow":["GET"]}}],"collection":[{"href":"https:\/\/staging.compassion.ch\/de\/wp-json\/wp\/v2\/pages"}],"about":[{"href":"https:\/\/staging.compassion.ch\/de\/wp-json\/wp\/v2\/types\/page"}],"author":[{"embeddable":true,"href":"https:\/\/staging.compassion.ch\/de\/wp-json\/wp\/v2\/users\/8"}],"replies":[{"embeddable":true,"href":"https:\/\/staging.compassion.ch\/de\/wp-json\/wp\/v2\/comments?post=7909"}],"version-history":[{"count":0,"href":"https:\/\/staging.compassion.ch\/de\/wp-json\/wp\/v2\/pages\/7909\/revisions"}],"up":[{"embeddable":true,"href":"https:\/\/staging.compassion.ch\/de\/wp-json\/wp\/v2\/pages\/7907"}],"wp:attachment":[{"href":"https:\/\/staging.compassion.ch\/de\/wp-json\/wp\/v2\/media?parent=7909"}],"curies":[{"name":"wp","href":"https:\/\/api.w.org\/{rel}","templated":true}]}}