{"id":491782,"date":"2023-11-20T10:03:04","date_gmt":"2023-11-20T09:03:04","guid":{"rendered":"https:\/\/compassion.ch\/?page_id=491782"},"modified":"2024-04-22T14:30:05","modified_gmt":"2024-04-22T12:30:05","slug":"nahrungsmittel-fuer-familien-im-globalen-sueden","status":"publish","type":"page","link":"https:\/\/staging.compassion.ch\/de\/nahrungsmittel-fuer-familien-im-globalen-sueden\/","title":{"rendered":"Nahrungsmittel f\u00fcr Familien im globalen S\u00fcden"},"content":{"rendered":"\t\t<div data-elementor-type=\"wp-page\" data-elementor-id=\"491782\" class=\"elementor elementor-491782 elementor-491755\" data-elementor-post-type=\"page\">\n\t\t\t\t\t\t<section class=\"elementor-section elementor-top-section elementor-element elementor-element-8666564 elementor-section-full_width elementor-section-content-middle elementor-section-height-min-height elementor-section-items-stretch elementor-section-height-default\" data-id=\"8666564\" data-element_type=\"section\" data-settings=\"{&quot;background_background&quot;:&quot;classic&quot;}\">\n\t\t\t\t\t\t<div class=\"elementor-container elementor-column-gap-default\">\n\t\t\t\t\t<div class=\"elementor-column elementor-col-50 elementor-top-column elementor-element elementor-element-296202d\" data-id=\"296202d\" data-element_type=\"column\" data-settings=\"{&quot;background_background&quot;:&quot;gradient&quot;}\">\n\t\t\t<div class=\"elementor-widget-wrap elementor-element-populated\">\n\t\t\t\t\t\t<div class=\"elementor-element elementor-element-916ab76 title elementor-widget elementor-widget-heading\" data-id=\"916ab76\" data-element_type=\"widget\" data-widget_type=\"heading.default\">\n\t\t\t\t<div class=\"elementor-widget-container\">\n\t\t\t\t\t<h1 class=\"elementor-heading-title elementor-size-default\">Nahrungsmittel f\u00fcr Familien im globalen S\u00fcden<\/h1>\t\t\t\t<\/div>\n\t\t\t\t<\/div>\n\t\t\t\t\t<\/div>\n\t\t<\/div>\n\t\t\t\t<div class=\"elementor-column elementor-col-50 elementor-top-column elementor-element elementor-element-01a7bd3 elementor-hidden-tablet elementor-hidden-mobile\" data-id=\"01a7bd3\" data-element_type=\"column\">\n\t\t\t<div class=\"elementor-widget-wrap\">\n\t\t\t\t\t\t\t<\/div>\n\t\t<\/div>\n\t\t\t\t\t<\/div>\n\t\t<\/section>\n\t\t\t\t<section class=\"elementor-section elementor-top-section elementor-element elementor-element-64e857f elementor-section-boxed elementor-section-height-default elementor-section-height-default\" data-id=\"64e857f\" data-element_type=\"section\" data-settings=\"{&quot;background_background&quot;:&quot;classic&quot;}\">\n\t\t\t\t\t\t<div class=\"elementor-container elementor-column-gap-default\">\n\t\t\t\t\t<div class=\"elementor-column elementor-col-100 elementor-top-column elementor-element elementor-element-dc3a892\" data-id=\"dc3a892\" data-element_type=\"column\">\n\t\t\t<div class=\"elementor-widget-wrap elementor-element-populated\">\n\t\t\t\t\t\t<section class=\"elementor-section elementor-inner-section elementor-element elementor-element-64f93cc elementor-section-full_width elementor-section-height-default elementor-section-height-default\" data-id=\"64f93cc\" data-element_type=\"section\">\n\t\t\t\t\t\t<div class=\"elementor-container elementor-column-gap-wider\">\n\t\t\t\t\t<div class=\"elementor-column elementor-col-50 elementor-inner-column elementor-element elementor-element-61d707b\" data-id=\"61d707b\" data-element_type=\"column\">\n\t\t\t<div class=\"elementor-widget-wrap elementor-element-populated\">\n\t\t\t\t\t\t<div class=\"elementor-element elementor-element-7efb36f elementor-widget elementor-widget-image\" data-id=\"7efb36f\" data-element_type=\"widget\" data-widget_type=\"image.default\">\n\t\t\t\t<div class=\"elementor-widget-container\">\n\t\t\t\t\t\t\t\t\t\t\t\t\t\t\t<img fetchpriority=\"high\" decoding=\"async\" width=\"1080\" height=\"1080\" src=\"https:\/\/staging.compassion.ch\/wp-content\/uploads\/2023\/11\/crise-alimentaire-kenya.jpg\" class=\"attachment-full size-full wp-image-490379\" alt=\"Die Nahrungsmittelvorr\u00e4te werden in einigen L\u00e4ndern knapp. Die Nahrungsmittelkrise f\u00fchrt zu Unterern\u00e4hrung.\" srcset=\"https:\/\/staging.compassion.ch\/wp-content\/uploads\/2023\/11\/crise-alimentaire-kenya.jpg 1080w, https:\/\/staging.compassion.ch\/wp-content\/uploads\/2023\/11\/crise-alimentaire-kenya-300x300.jpg 300w, https:\/\/staging.compassion.ch\/wp-content\/uploads\/2023\/11\/crise-alimentaire-kenya-1024x1024.jpg 1024w, https:\/\/staging.compassion.ch\/wp-content\/uploads\/2023\/11\/crise-alimentaire-kenya-150x150.jpg 150w, https:\/\/staging.compassion.ch\/wp-content\/uploads\/2023\/11\/crise-alimentaire-kenya-768x768.jpg 768w\" sizes=\"(max-width: 1080px) 100vw, 1080px\" \/>\t\t\t\t\t\t\t\t\t\t\t\t\t\t\t<\/div>\n\t\t\t\t<\/div>\n\t\t\t\t\t<\/div>\n\t\t<\/div>\n\t\t\t\t<div class=\"elementor-column elementor-col-50 elementor-inner-column elementor-element elementor-element-f6e671d\" data-id=\"f6e671d\" data-element_type=\"column\">\n\t\t\t<div class=\"elementor-widget-wrap elementor-element-populated\">\n\t\t\t\t\t\t<div class=\"elementor-element elementor-element-f0fb48f elementor-widget elementor-widget-text-editor\" data-id=\"f0fb48f\" data-element_type=\"widget\" data-widget_type=\"text-editor.default\">\n\t\t\t\t<div class=\"elementor-widget-container\">\n\t\t\t\t\t\t\t\t\t<p><strong>\u00a0<\/strong><strong>&#8222;Die Lebensmittelpreise sind explodiert. Die f\u00fcr Reis und Zucker sind auf dem h\u00f6chsten Stand seit 12 Jahren. Die D\u00fcrre und die fehlende Bew\u00e4sserungsinfrastruktur haben verheerende Auswirkungen auf die Landwirtschaft. Familien verhungern.\u201d (Joel Macharia, Landesdirektor von Compassion in Malawi und Sambia, Ende 2023).<\/strong><\/p><p><span style=\"font-weight: 400;\">Neben Kriseninterventionen engagieren wir uns zus\u00e4tzlich in l\u00e4ngerfristigen Projekten f\u00fcr Resilienz, um die Ern\u00e4hrungs- und Einkommenssicherheit der Menschen zu st\u00e4rken.<\/span><\/p><p><strong>Gemeinsam wollen wir den Familien Zeichen der Hoffnung geben und daf\u00fcr sorgen, dass sie Nahrungsmittel erhalten.<\/strong><\/p>\t\t\t\t\t\t\t\t<\/div>\n\t\t\t\t<\/div>\n\t\t\t\t<div class=\"elementor-element elementor-element-e26193c elementor-align-center elementor-widget elementor-widget-button\" data-id=\"e26193c\" data-element_type=\"widget\" data-widget_type=\"button.default\">\n\t\t\t\t<div class=\"elementor-widget-container\">\n\t\t\t\t\t\t\t\t\t<div class=\"elementor-button-wrapper\">\n\t\t\t\t\t<a class=\"elementor-button elementor-button-link elementor-size-sm\" href=\"#donation\">\n\t\t\t\t\t\t<span class=\"elementor-button-content-wrapper\">\n\t\t\t\t\t\t\t\t\t<span class=\"elementor-button-text\">Jetzt spenden<\/span>\n\t\t\t\t\t<\/span>\n\t\t\t\t\t<\/a>\n\t\t\t\t<\/div>\n\t\t\t\t\t\t\t\t<\/div>\n\t\t\t\t<\/div>\n\t\t\t\t\t<\/div>\n\t\t<\/div>\n\t\t\t\t\t<\/div>\n\t\t<\/section>\n\t\t\t\t\t<\/div>\n\t\t<\/div>\n\t\t\t\t\t<\/div>\n\t\t<\/section>\n\t\t\t\t<section class=\"elementor-section elementor-top-section elementor-element elementor-element-e64c590 elementor-section-content-middle elementor-section-boxed elementor-section-height-default elementor-section-height-default\" data-id=\"e64c590\" data-element_type=\"section\" id=\"donation\">\n\t\t\t\t\t\t<div class=\"elementor-container elementor-column-gap-default\">\n\t\t\t\t\t<div class=\"elementor-column elementor-col-50 elementor-top-column elementor-element elementor-element-5546d32\" data-id=\"5546d32\" data-element_type=\"column\">\n\t\t\t<div class=\"elementor-widget-wrap elementor-element-populated\">\n\t\t\t\t\t\t<div class=\"elementor-element elementor-element-3921531 elementor-widget elementor-widget-heading\" data-id=\"3921531\" data-element_type=\"widget\" data-widget_type=\"heading.default\">\n\t\t\t\t<div class=\"elementor-widget-container\">\n\t\t\t\t\t<h5 class=\"elementor-heading-title elementor-size-default\">Ich m\u00f6chte geben<\/h5>\t\t\t\t<\/div>\n\t\t\t\t<\/div>\n\t\t\t\t<div class=\"elementor-element elementor-element-1e8cb9e elementor-widget elementor-widget-text-editor\" data-id=\"1e8cb9e\" data-element_type=\"widget\" data-widget_type=\"text-editor.default\">\n\t\t\t\t<div class=\"elementor-widget-container\">\n\t\t\t\t\t\t\t\t\t<p>[donation-form form=&#8220;food-2023&#8243; \/]<\/p>\t\t\t\t\t\t\t\t<\/div>\n\t\t\t\t<\/div>\n\t\t\t\t\t<\/div>\n\t\t<\/div>\n\t\t\t\t<div class=\"elementor-column elementor-col-50 elementor-top-column elementor-element elementor-element-335b30c\" data-id=\"335b30c\" data-element_type=\"column\">\n\t\t\t<div class=\"elementor-widget-wrap elementor-element-populated\">\n\t\t\t\t\t\t<div class=\"elementor-element elementor-element-edd4dd8 elementor-widget elementor-widget-image\" data-id=\"edd4dd8\" data-element_type=\"widget\" data-widget_type=\"image.default\">\n\t\t\t\t<div class=\"elementor-widget-container\">\n\t\t\t\t\t\t\t\t\t\t\t\t\t\t\t<img decoding=\"async\" width=\"1200\" height=\"852\" src=\"https:\/\/staging.compassion.ch\/wp-content\/uploads\/2023\/01\/CC-GH0304-Food-crisis-11-2208.jpg\" class=\"attachment-full size-full wp-image-425714\" alt=\"Compassion verteilt Lebensmittel an die \u00c4rmsten der Armen\" srcset=\"https:\/\/staging.compassion.ch\/wp-content\/uploads\/2023\/01\/CC-GH0304-Food-crisis-11-2208.jpg 1200w, https:\/\/staging.compassion.ch\/wp-content\/uploads\/2023\/01\/CC-GH0304-Food-crisis-11-2208-300x213.jpg 300w, https:\/\/staging.compassion.ch\/wp-content\/uploads\/2023\/01\/CC-GH0304-Food-crisis-11-2208-1024x727.jpg 1024w, https:\/\/staging.compassion.ch\/wp-content\/uploads\/2023\/01\/CC-GH0304-Food-crisis-11-2208-768x545.jpg 768w\" sizes=\"(max-width: 1200px) 100vw, 1200px\" \/>\t\t\t\t\t\t\t\t\t\t\t\t\t\t\t<\/div>\n\t\t\t\t<\/div>\n\t\t\t\t<div class=\"elementor-element elementor-element-b7fd74d elementor-widget elementor-widget-heading\" data-id=\"b7fd74d\" data-element_type=\"widget\" data-widget_type=\"heading.default\">\n\t\t\t\t<div class=\"elementor-widget-container\">\n\t\t\t\t\t<h3 class=\"elementor-heading-title elementor-size-default\">Mit durchschnittlich CHF 40.\u2013 k\u00f6nnen wir eine 5- bis 6-k\u00f6pfige Familie f\u00fcr jeweils 1 Monat mit Lebensmittelvorr\u00e4ten versorgen.<\/h3>\t\t\t\t<\/div>\n\t\t\t\t<\/div>\n\t\t\t\t<div class=\"elementor-element elementor-element-049ab57 elementor-headline--style-highlight elementor-widget elementor-widget-global elementor-global-491260 elementor-widget-animated-headline\" data-id=\"049ab57\" data-element_type=\"widget\" data-settings=\"{&quot;marker&quot;:&quot;underline_zigzag&quot;,&quot;highlighted_text&quot;:&quot;8006 Familien&quot;,&quot;headline_style&quot;:&quot;highlight&quot;,&quot;loop&quot;:&quot;yes&quot;,&quot;highlight_animation_duration&quot;:1200,&quot;highlight_iteration_delay&quot;:8000}\" data-widget_type=\"animated-headline.default\">\n\t\t\t\t<div class=\"elementor-widget-container\">\n\t\t\t\t\t\t\t<h4 class=\"elementor-headline\">\n\t\t\t\t\t<span class=\"elementor-headline-plain-text elementor-headline-text-wrapper\">Gemeinsam haben wir mit dieser Kampagne schon<\/span>\n\t\t\t\t<span class=\"elementor-headline-dynamic-wrapper elementor-headline-text-wrapper\">\n\t\t\t\t\t<span class=\"elementor-headline-dynamic-text elementor-headline-text-active\">8006 Familien<\/span>\n\t\t\t\t<\/span>\n\t\t\t\t\t<span class=\"elementor-headline-plain-text elementor-headline-text-wrapper\">geholfen.<\/span>\n\t\t\t\t\t<\/h4>\n\t\t\t\t\t\t<\/div>\n\t\t\t\t<\/div>\n\t\t\t\t\t<\/div>\n\t\t<\/div>\n\t\t\t\t\t<\/div>\n\t\t<\/section>\n\t\t\t\t<section class=\"elementor-section elementor-top-section elementor-element elementor-element-ab48623 elementor-section-boxed elementor-section-height-default elementor-section-height-default\" data-id=\"ab48623\" data-element_type=\"section\" data-settings=\"{&quot;background_background&quot;:&quot;classic&quot;}\">\n\t\t\t\t\t\t<div class=\"elementor-container elementor-column-gap-default\">\n\t\t\t\t\t<div class=\"elementor-column elementor-col-100 elementor-top-column elementor-element elementor-element-9b0cb83\" data-id=\"9b0cb83\" data-element_type=\"column\">\n\t\t\t<div class=\"elementor-widget-wrap elementor-element-populated\">\n\t\t\t\t\t\t<div class=\"elementor-element elementor-element-dfaa63d elementor-widget elementor-widget-heading\" data-id=\"dfaa63d\" data-element_type=\"widget\" data-widget_type=\"heading.default\">\n\t\t\t\t<div class=\"elementor-widget-container\">\n\t\t\t\t\t<h3 class=\"elementor-heading-title elementor-size-xl\">DIE REALIT\u00c4T DES HUNGERS<\/h3>\t\t\t\t<\/div>\n\t\t\t\t<\/div>\n\t\t\t\t<section class=\"elementor-section elementor-inner-section elementor-element elementor-element-b70c6fe elementor-section-full_width elementor-section-height-default elementor-section-height-default\" data-id=\"b70c6fe\" data-element_type=\"section\">\n\t\t\t\t\t\t<div class=\"elementor-container elementor-column-gap-default\">\n\t\t\t\t\t<div class=\"elementor-column elementor-col-100 elementor-inner-column elementor-element elementor-element-a004939\" data-id=\"a004939\" data-element_type=\"column\">\n\t\t\t<div class=\"elementor-widget-wrap elementor-element-populated\">\n\t\t\t\t\t\t<div class=\"elementor-element elementor-element-55c12e8 elementor-widget elementor-widget-text-editor\" data-id=\"55c12e8\" data-element_type=\"widget\" data-widget_type=\"text-editor.default\">\n\t\t\t\t<div class=\"elementor-widget-container\">\n\t\t\t\t\t\t\t\t\t<p><span style=\"font-weight: 400;\">Einer von zehn Menschen auf der Welt schl\u00e4ft abends hungrig ein.<\/span><\/p><p><span style=\"font-weight: 400;\">Hunger t\u00f6tet mehr Menschen als Malaria, Tuberkulose und AIDS zusammen.<\/span><\/p><p><span style=\"font-weight: 400;\">Alle 10 Sekunden stirbt ein Kind an Unterern\u00e4hrung.<\/span><\/p><p><span style=\"font-weight: 400;\">Doch es gab auch Fortschritte: Bis 1970 starben weltweit 529 von 100\u2018000 Menschen pro Jahr an Hunger. Seit den 2000er Jahren ist diese Zahl auf 3 von 100\u2018000 gesunken.<\/span><\/p><p><span style=\"font-weight: 400;\">Die <a href=\"https:\/\/www.who.int\/news\/item\/06-07-2022-un-report--global-hunger-numbers-rose-to-as-many-as-828-million-in-2021\" target=\"_blank\" rel=\"noopener\"><span style=\"text-decoration: underline; color: #ffffff;\">Hauptursachen f\u00fcr Hunger<\/span><\/a> sind bewaffnete Konflikte, extreme Wettersituationen und wirtschaftliche Turbulenzen.<\/span><\/p><p><span style=\"font-weight: 400;\"><span style=\"color: #ffffff;\">In <a style=\"color: #ffffff;\" href=\"https:\/\/staging.compassion.ch\/de\/standorte\/haiti\/\" target=\"_blank\" rel=\"noopener\"><span style=\"text-decoration: underline;\">Haiti<\/span><\/a><\/span>, einem der \u00e4rmsten L\u00e4nder der n\u00f6rdlichen Hemisph\u00e4re, hat nur eines von zehn Kindern genug zu essen.<\/span><\/p>\t\t\t\t\t\t\t\t<\/div>\n\t\t\t\t<\/div>\n\t\t\t\t<div class=\"elementor-element elementor-element-c0e0286 elementor-align-center elementor-widget elementor-widget-button\" data-id=\"c0e0286\" data-element_type=\"widget\" data-widget_type=\"button.default\">\n\t\t\t\t<div class=\"elementor-widget-container\">\n\t\t\t\t\t\t\t\t\t<div class=\"elementor-button-wrapper\">\n\t\t\t\t\t<a class=\"elementor-button elementor-button-link elementor-size-sm\" href=\"#donation\">\n\t\t\t\t\t\t<span class=\"elementor-button-content-wrapper\">\n\t\t\t\t\t\t\t\t\t<span class=\"elementor-button-text\">Jetzt spenden<\/span>\n\t\t\t\t\t<\/span>\n\t\t\t\t\t<\/a>\n\t\t\t\t<\/div>\n\t\t\t\t\t\t\t\t<\/div>\n\t\t\t\t<\/div>\n\t\t\t\t\t<\/div>\n\t\t<\/div>\n\t\t\t\t\t<\/div>\n\t\t<\/section>\n\t\t\t\t\t<\/div>\n\t\t<\/div>\n\t\t\t\t\t<\/div>\n\t\t<\/section>\n\t\t\t\t<section class=\"elementor-section elementor-top-section elementor-element elementor-element-28565ad elementor-section-boxed elementor-section-height-default elementor-section-height-default\" data-id=\"28565ad\" data-element_type=\"section\">\n\t\t\t\t\t\t<div class=\"elementor-container elementor-column-gap-default\">\n\t\t\t\t\t<div class=\"elementor-column elementor-col-100 elementor-top-column elementor-element elementor-element-36c2c06\" data-id=\"36c2c06\" data-element_type=\"column\">\n\t\t\t<div class=\"elementor-widget-wrap elementor-element-populated\">\n\t\t\t\t\t\t<section class=\"elementor-section elementor-inner-section elementor-element elementor-element-d622bb9 elementor-section-full_width elementor-section-content-middle elementor-section-height-default elementor-section-height-default\" data-id=\"d622bb9\" data-element_type=\"section\">\n\t\t\t\t\t\t<div class=\"elementor-container elementor-column-gap-wider\">\n\t\t\t\t\t<div class=\"elementor-column elementor-col-50 elementor-inner-column elementor-element elementor-element-a5ad3e8\" data-id=\"a5ad3e8\" data-element_type=\"column\">\n\t\t\t<div class=\"elementor-widget-wrap elementor-element-populated\">\n\t\t\t\t\t\t<div class=\"elementor-element elementor-element-e2b1bd2 elementor-widget elementor-widget-heading\" data-id=\"e2b1bd2\" data-element_type=\"widget\" data-widget_type=\"heading.default\">\n\t\t\t\t<div class=\"elementor-widget-container\">\n\t\t\t\t\t<h3 class=\"elementor-heading-title elementor-size-default\">WIE ANTWORTET COMPASSION DARAUF?<\/h3>\t\t\t\t<\/div>\n\t\t\t\t<\/div>\n\t\t\t\t<div class=\"elementor-element elementor-element-2e1da4d elementor-widget elementor-widget-text-editor\" data-id=\"2e1da4d\" data-element_type=\"widget\" data-widget_type=\"text-editor.default\">\n\t\t\t\t<div class=\"elementor-widget-container\">\n\t\t\t\t\t\t\t\t\t<p><strong>Beispielsweise in <span style=\"text-decoration: underline;\"><a href=\"https:\/\/staging.compassion.ch\/de\/standorte\/tansania\/\" target=\"_blank\" rel=\"noopener\">Tansania<\/a><\/span> erhielt die Familie von Emiliana Lebensmittelpakete und Milchpulver. Die Auswirkungen waren unmittelbar und positiv. &#8222;Innerhalb k\u00fcrzester Zeit war Emiliana in der Lage, selbstst\u00e4ndig zu stehen. Ich h\u00e4tte nie gedacht, dass dies m\u00f6glich sein w\u00fcrde\u201c, erz\u00e4hlt ihr Vater Amos.<\/strong><\/p>\t\t\t\t\t\t\t\t<\/div>\n\t\t\t\t<\/div>\n\t\t\t\t<div class=\"elementor-element elementor-element-622a255 elementor-widget elementor-widget-text-editor\" data-id=\"622a255\" data-element_type=\"widget\" data-widget_type=\"text-editor.default\">\n\t\t\t\t<div class=\"elementor-widget-container\">\n\t\t\t\t\t\t\t\t\t<p><span style=\"font-weight: 400;\">Die Partnerkirchen von Compassion leisten Hilfe in einigen der am meisten gef\u00e4hrdeten L\u00e4nder der Welt. Die Unterst\u00fctzung geschieht in zwei Schritten: Zuerst gilt es, auf die dringlichsten Ern\u00e4hrungsbed\u00fcrfnisse zu reagieren. Dann arbeiten sie an einer nachhaltigen L\u00f6sung, um den Hunger langfristig zu stoppen.<\/span><\/p>\t\t\t\t\t\t\t\t<\/div>\n\t\t\t\t<\/div>\n\t\t\t\t\t<\/div>\n\t\t<\/div>\n\t\t\t\t<div class=\"elementor-column elementor-col-50 elementor-inner-column elementor-element elementor-element-4b5bde0\" data-id=\"4b5bde0\" data-element_type=\"column\">\n\t\t\t<div class=\"elementor-widget-wrap elementor-element-populated\">\n\t\t\t\t\t\t<div class=\"elementor-element elementor-element-b2edc93 elementor-widget elementor-widget-image\" data-id=\"b2edc93\" data-element_type=\"widget\" data-widget_type=\"image.default\">\n\t\t\t\t<div class=\"elementor-widget-container\">\n\t\t\t\t\t\t\t\t\t\t\t\t\t\t\t<img decoding=\"async\" width=\"1024\" height=\"1024\" src=\"https:\/\/staging.compassion.ch\/wp-content\/uploads\/2024\/04\/nourriture_compassion_emiliana-1-1024x1024.jpg\" class=\"attachment-large size-large wp-image-523523\" alt=\"Emiliana ha ricevuto cibo e latte perch\u00e9 soffriva di malnutrizione\" srcset=\"https:\/\/staging.compassion.ch\/wp-content\/uploads\/2024\/04\/nourriture_compassion_emiliana-1-1024x1024.jpg 1024w, https:\/\/staging.compassion.ch\/wp-content\/uploads\/2024\/04\/nourriture_compassion_emiliana-1-300x300.jpg 300w, https:\/\/staging.compassion.ch\/wp-content\/uploads\/2024\/04\/nourriture_compassion_emiliana-1-150x150.jpg 150w, https:\/\/staging.compassion.ch\/wp-content\/uploads\/2024\/04\/nourriture_compassion_emiliana-1-768x768.jpg 768w, https:\/\/staging.compassion.ch\/wp-content\/uploads\/2024\/04\/nourriture_compassion_emiliana-1.jpg 1080w\" sizes=\"(max-width: 1024px) 100vw, 1024px\" \/>\t\t\t\t\t\t\t\t\t\t\t\t\t\t\t<\/div>\n\t\t\t\t<\/div>\n\t\t\t\t\t<\/div>\n\t\t<\/div>\n\t\t\t\t\t<\/div>\n\t\t<\/section>\n\t\t\t\t<section class=\"elementor-section elementor-inner-section elementor-element elementor-element-e616be3 elementor-section-boxed elementor-section-height-default elementor-section-height-default\" data-id=\"e616be3\" data-element_type=\"section\">\n\t\t\t\t\t\t<div class=\"elementor-container elementor-column-gap-default\">\n\t\t\t\t\t<div class=\"elementor-column elementor-col-100 elementor-inner-column elementor-element elementor-element-048aaaa\" data-id=\"048aaaa\" data-element_type=\"column\">\n\t\t\t<div class=\"elementor-widget-wrap elementor-element-populated\">\n\t\t\t\t\t\t<div class=\"elementor-element elementor-element-b844e6b elementor-widget elementor-widget-heading\" data-id=\"b844e6b\" data-element_type=\"widget\" data-widget_type=\"heading.default\">\n\t\t\t\t<div class=\"elementor-widget-container\">\n\t\t\t\t\t<h3 class=\"elementor-heading-title elementor-size-default\">Die lokalen Kinderzentren<\/h3>\t\t\t\t<\/div>\n\t\t\t\t<\/div>\n\t\t\t\t<div class=\"elementor-element elementor-element-3436ad1 elementor-list-item-link-inline elementor-mobile-align-left elementor-icon-list--layout-traditional elementor-widget elementor-widget-icon-list\" data-id=\"3436ad1\" data-element_type=\"widget\" data-widget_type=\"icon-list.default\">\n\t\t\t\t<div class=\"elementor-widget-container\">\n\t\t\t\t\t\t\t<ul class=\"elementor-icon-list-items\">\n\t\t\t\t\t\t\t<li class=\"elementor-icon-list-item\">\n\t\t\t\t\t\t\t\t\t\t\t<span class=\"elementor-icon-list-icon\">\n\t\t\t\t\t\t\t<i aria-hidden=\"true\" class=\"fas fa-check\"><\/i>\t\t\t\t\t\t<\/span>\n\t\t\t\t\t\t\t\t\t\t<span class=\"elementor-icon-list-text\">verteilen Nahrungsmittel und\/oder stellen Geldtransfers f\u00fcr Haushalte zur Verf\u00fcgung, die von Hunger betroffen sind.<\/span>\n\t\t\t\t\t\t\t\t\t<\/li>\n\t\t\t\t\t\t\t\t<li class=\"elementor-icon-list-item\">\n\t\t\t\t\t\t\t\t\t\t\t<span class=\"elementor-icon-list-icon\">\n\t\t\t\t\t\t\t<i aria-hidden=\"true\" class=\"fas fa-check\"><\/i>\t\t\t\t\t\t<\/span>\n\t\t\t\t\t\t\t\t\t\t<span class=\"elementor-icon-list-text\">sorgen f\u00fcr langfristige Ern\u00e4hrungssicherheit durch die Verteilung von Saatgut, D\u00fcngemitteln und Vieh und f\u00fchren Schulungen zum Anlegen und Pflegen von Kleing\u00e4rten und Kleinbauernh\u00f6fen durch.<\/span>\n\t\t\t\t\t\t\t\t\t<\/li>\n\t\t\t\t\t\t<\/ul>\n\t\t\t\t\t\t<\/div>\n\t\t\t\t<\/div>\n\t\t\t\t<div class=\"elementor-element elementor-element-8877800 elementor-widget elementor-widget-text-editor\" data-id=\"8877800\" data-element_type=\"widget\" data-widget_type=\"text-editor.default\">\n\t\t\t\t<div class=\"elementor-widget-container\">\n\t\t\t\t\t\t\t\t\t<p><strong>Die Kinderzentren von Compassion sind logistisch vorbereitet. Ihre gr\u00f6sste Herausforderung ist es, Lebensmittelvorr\u00e4te zu m\u00f6glichst g\u00fcnstigen Preisen zu beschaffen.<\/strong><\/p>\t\t\t\t\t\t\t\t<\/div>\n\t\t\t\t<\/div>\n\t\t\t\t<div class=\"elementor-element elementor-element-3052371 elementor-align-center elementor-widget elementor-widget-button\" data-id=\"3052371\" data-element_type=\"widget\" data-widget_type=\"button.default\">\n\t\t\t\t<div class=\"elementor-widget-container\">\n\t\t\t\t\t\t\t\t\t<div class=\"elementor-button-wrapper\">\n\t\t\t\t\t<a class=\"elementor-button elementor-button-link elementor-size-sm\" href=\"#donation\">\n\t\t\t\t\t\t<span class=\"elementor-button-content-wrapper\">\n\t\t\t\t\t\t\t\t\t<span class=\"elementor-button-text\">jetzt spenden<\/span>\n\t\t\t\t\t<\/span>\n\t\t\t\t\t<\/a>\n\t\t\t\t<\/div>\n\t\t\t\t\t\t\t\t<\/div>\n\t\t\t\t<\/div>\n\t\t\t\t\t<\/div>\n\t\t<\/div>\n\t\t\t\t\t<\/div>\n\t\t<\/section>\n\t\t\t\t\t<\/div>\n\t\t<\/div>\n\t\t\t\t\t<\/div>\n\t\t<\/section>\n\t\t\t\t<\/div>\n\t\t","protected":false},"excerpt":{"rendered":"<p>Nahrungsmittel f\u00fcr Familien im globalen S\u00fcden \u00a0&#8222;Die Lebensmittelpreise sind explodiert. Die f\u00fcr Reis und Zucker sind auf dem h\u00f6chsten Stand seit 12 Jahren. Die D\u00fcrre und die fehlende Bew\u00e4sserungsinfrastruktur haben verheerende Auswirkungen auf die Landwirtschaft. Familien verhungern.\u201d (Joel Macharia, Landesdirektor<span class=\"excerpt_more\">&#8230;<\/span><\/p>\n","protected":false},"author":8,"featured_media":522155,"parent":0,"menu_order":0,"comment_status":"closed","ping_status":"closed","template":"","meta":{"give_campaign_id":0,"footnotes":""},"class_list":["post-491782","page","type-page","status-publish","has-post-thumbnail","hentry"],"campaignId":"","_links":{"self":[{"href":"https:\/\/staging.compassion.ch\/de\/wp-json\/wp\/v2\/pages\/491782","targetHints":{"allow":["GET"]}}],"collection":[{"href":"https:\/\/staging.compassion.ch\/de\/wp-json\/wp\/v2\/pages"}],"about":[{"href":"https:\/\/staging.compassion.ch\/de\/wp-json\/wp\/v2\/types\/page"}],"author":[{"embeddable":true,"href":"https:\/\/staging.compassion.ch\/de\/wp-json\/wp\/v2\/users\/8"}],"replies":[{"embeddable":true,"href":"https:\/\/staging.compassion.ch\/de\/wp-json\/wp\/v2\/comments?post=491782"}],"version-history":[{"count":169,"href":"https:\/\/staging.compassion.ch\/de\/wp-json\/wp\/v2\/pages\/491782\/revisions"}],"predecessor-version":[{"id":523705,"href":"https:\/\/staging.compassion.ch\/de\/wp-json\/wp\/v2\/pages\/491782\/revisions\/523705"}],"wp:featuredmedia":[{"embeddable":true,"href":"https:\/\/staging.compassion.ch\/de\/wp-json\/wp\/v2\/media\/522155"}],"wp:attachment":[{"href":"https:\/\/staging.compassion.ch\/de\/wp-json\/wp\/v2\/media?parent=491782"}],"curies":[{"name":"wp","href":"https:\/\/api.w.org\/{rel}","templated":true}]}}