{"id":4207,"date":"2016-03-09T12:25:50","date_gmt":"2016-03-09T11:25:50","guid":{"rendered":"https:\/\/compassion.ch\/kinder-im-blickpunkt\/?lang=de"},"modified":"2017-02-02T15:19:57","modified_gmt":"2017-02-02T14:19:57","slug":"kinder-im-blickpunkt","status":"publish","type":"page","link":"https:\/\/staging.compassion.ch\/de\/kinder-im-blickpunkt\/","title":{"rendered":"Kinder im Blickpunkt"},"content":{"rendered":"<div id=\"pl-4207\"  class=\"panel-layout\" ><div class=\"section background-blue section_abgerissen_unten remove_margin_bottom has_breadcrumb\" ><div class=\"row section_breadcrumb\"><ul id=\"breadcrumbs\" class=\"breadcrumbs\"><li class=\"item-home\"><a class=\"bread-link bread-home\" href=\"https:\/\/staging.compassion.ch\/de\/\" title=\"Home\">Home<\/a><\/li><li class=\"separator separator-home\"> <span class=\"triangle\"><\/span> <\/li><\/ul><\/div><div class=\"row section_row\"><div id=\"pg-4207-0\"  class=\"panel-grid panel-no-style\" ><div id=\"pgc-4207-0-0\"  class=\"panel-grid-cell panel-grid-cell-empty\" ><\/div><div id=\"pgc-4207-0-1\"  class=\"panel-grid-cell panel-grid-cell-mobile-last\" ><div id=\"panel-4207-0-1-0\" class=\"so-panel widget widget_sow-editor panel-first-child panel-last-child\" data-index=\"0\" ><div\n\t\t\t\n\t\t\tclass=\"so-widget-sow-editor so-widget-sow-editor-base\"\n\t\t\t\n\t\t>\n<div class=\"siteorigin-widget-tinymce textwidget\">\n\t<h2 style=\"text-align: center;\">Kinder im Blickpunkt<\/h2>\n<p class=\"quote subtitle\" style=\"text-align: center;\">In unseren Kinderzentren werden M\u00e4dchen und Jungen gleichermassen individuell gef\u00f6rdert und in allen Lebensbereichen nachhaltig unterst\u00fctzt.<\/p>\n<\/div>\n<\/div><\/div><\/div><div id=\"pgc-4207-0-2\"  class=\"panel-grid-cell panel-grid-cell-empty\" ><\/div><\/div><\/div><\/div><div class=\"section background-beige remove_margin_bottom\" ><div class=\"row section_row\"><div id=\"pg-4207-1\"  class=\"panel-grid panel-no-style\" ><div id=\"pgc-4207-1-0\"  class=\"panel-grid-cell\" ><div id=\"panel-4207-1-0-0\" class=\"so-panel widget widget_image-slider panel-first-child\" data-index=\"1\" ><div\n\t\t\t\n\t\t\tclass=\"so-widget-image-slider so-widget-image-slider-image-slider-style-d75171398898-4207\"\n\t\t\t\n\t\t>\n<div class=\"slick-slider slick-carousel \" data-slickSlides=\"1\" data-slickScroll=\"1\" data-slickArrows=\"true\" data-slickDots=\"true\">\n\n  \n  <div class=\"slide\">\n    <div class=\"slide-image position-center\" style=\"background-image: url(https:\/\/staging.compassion.ch\/wp-content\/uploads\/2016\/07\/DDIECKMANN-23.jpg);\"><\/div>\n    <div class=\"slide-content-wrapper\">\n      <div class=\"slide-content\">\n              <\/div>\n    <\/div>\n  <\/div>\n\n  \n<\/div>\n<\/div><\/div><div id=\"panel-4207-1-0-1\" class=\"so-panel widget widget_siteorigin-panels-builder panel-last-child\" data-index=\"2\" ><div id=\"pl-w5891a29fc7c23\"  class=\"panel-layout\" ><div class=\"row section_row\"><div id=\"pg-w5891a29fc7c23-0\"  class=\"panel-grid panel-no-style\" ><div id=\"pgc-w5891a29fc7c23-0-0\"  class=\"panel-grid-cell panel-grid-cell-empty\" ><\/div><div id=\"pgc-w5891a29fc7c23-0-1\"  class=\"panel-grid-cell panel-grid-cell-mobile-last\" ><div id=\"panel-w5891a29fc7c23-0-1-0\" class=\"so-panel widget widget_sow-editor panel-first-child panel-last-child\" data-index=\"0\" ><div\n\t\t\t\n\t\t\tclass=\"so-widget-sow-editor so-widget-sow-editor-base\"\n\t\t\t\n\t\t>\n<div class=\"siteorigin-widget-tinymce textwidget\">\n\t<p>Wir stellen Kinder in den Mittelpunkt unserer Arbeit. Jedes Kind verf\u00fcgt \u00fcber viel Potential, wenn es die richtigen Chancen erh\u00e4lt. Wir best\u00e4rken Kinder, ihren eigenen Weg zu gehen und ihre Zukunft aktiv zu gestalten.\u00a0Dies k\u00f6nnen sie am Besten,\u00a0wenn sie selbst eine positive Einstellung zum Leben bekommen.<\/p>\n<p>Daher versteht sich Compassion nicht als blosses Hilfswerk, sondern als Kinderentwicklungswerk: Die M\u00e4dchen\u00a0und Jungen\u00a0in den Compassion-Kinderzentren werden darin gef\u00f6rdert, zu Pers\u00f6nlichkeiten heranzuwachsen, die f\u00e4hig sind, gute Entscheidungen zu treffen.<\/p>\n<\/div>\n<\/div><\/div><\/div><div id=\"pgc-w5891a29fc7c23-0-2\"  class=\"panel-grid-cell panel-grid-cell-empty\" ><\/div><\/div><\/div><\/div><\/div><\/div><\/div><\/div><\/div><\/div>","protected":false},"excerpt":{"rendered":"<p>Kinder im Blickpunkt In unseren Kinderzentren werden M\u00e4dchen und Jungen gleichermassen individuell gef\u00f6rdert und in allen Lebensbereichen nachhaltig unterst\u00fctzt.<\/p>\n","protected":false},"author":8,"featured_media":0,"parent":0,"menu_order":0,"comment_status":"closed","ping_status":"closed","template":"","meta":{"give_campaign_id":0,"footnotes":""},"class_list":["post-4207","page","type-page","status-publish","hentry"],"campaignId":"","_links":{"self":[{"href":"https:\/\/staging.compassion.ch\/de\/wp-json\/wp\/v2\/pages\/4207","targetHints":{"allow":["GET"]}}],"collection":[{"href":"https:\/\/staging.compassion.ch\/de\/wp-json\/wp\/v2\/pages"}],"about":[{"href":"https:\/\/staging.compassion.ch\/de\/wp-json\/wp\/v2\/types\/page"}],"author":[{"embeddable":true,"href":"https:\/\/staging.compassion.ch\/de\/wp-json\/wp\/v2\/users\/8"}],"replies":[{"embeddable":true,"href":"https:\/\/staging.compassion.ch\/de\/wp-json\/wp\/v2\/comments?post=4207"}],"version-history":[{"count":0,"href":"https:\/\/staging.compassion.ch\/de\/wp-json\/wp\/v2\/pages\/4207\/revisions"}],"wp:attachment":[{"href":"https:\/\/staging.compassion.ch\/de\/wp-json\/wp\/v2\/media?parent=4207"}],"curies":[{"name":"wp","href":"https:\/\/api.w.org\/{rel}","templated":true}]}}