{"id":29213,"date":"2016-03-09T12:24:43","date_gmt":"2016-03-09T11:24:43","guid":{"rendered":"https:\/\/compassion.ch\/sengager-davantage\/"},"modified":"2024-01-16T16:03:17","modified_gmt":"2024-01-16T15:03:17","slug":"sich-mehr-engagieren","status":"publish","type":"page","link":"https:\/\/staging.compassion.ch\/de\/sich-mehr-engagieren\/","title":{"rendered":"Mithelfen"},"content":{"rendered":"<div id=\"pl-29213\"  class=\"panel-layout\" ><div class=\"section section_full_width\" ><div id=\"pg-29213-0\"  class=\"panel-grid panel-no-style\" ><div id=\"pgc-29213-0-0\"  class=\"panel-grid-cell\" ><div id=\"panel-29213-0-0-0\" class=\"so-panel widget widget_image-slider panel-first-child panel-last-child\" data-index=\"0\" ><div\n\t\t\t\n\t\t\tclass=\"so-widget-image-slider so-widget-image-slider-image-slider-style-d75171398898-29213\"\n\t\t\t\n\t\t>\n<div class=\"slick-slider slick-carousel slick-style-head\" data-slickSlides=\"1\" data-slickScroll=\"1\" data-slickArrows=\"true\" data-slickDots=\"true\">\n\n  \n  <div class=\"slide\">\n    <div class=\"slide-image position-center\" style=\"background-image: url(https:\/\/staging.compassion.ch\/wp-content\/uploads\/2016\/03\/compassion_sengager.jpg);\"><\/div>\n    <div class=\"slide-content-wrapper\">\n      <div class=\"slide-content\">\n              <\/div>\n    <\/div>\n  <\/div>\n\n  \n<\/div>\n<\/div><\/div><\/div><\/div><\/div><div class=\"section background-beige-gradient background-beige section_abgerissen_oben has_breadcrumb\" ><div class=\"row section_breadcrumb\"><ul id=\"breadcrumbs\" class=\"breadcrumbs\"><li class=\"item-home\"><a class=\"bread-link bread-home\" href=\"https:\/\/staging.compassion.ch\/de\/\" title=\"Home\">Home<\/a><\/li><li class=\"separator separator-home\"> <span class=\"triangle\"><\/span> <\/li><\/ul><\/div><div class=\"row section_row\"><div id=\"pg-29213-1\"  class=\"panel-grid panel-no-style\" ><div id=\"pgc-29213-1-0\"  class=\"panel-grid-cell\" ><div id=\"panel-29213-1-0-0\" class=\"so-panel widget widget_sow-editor panel-first-child\" data-index=\"1\" ><div\n\t\t\t\n\t\t\tclass=\"so-widget-sow-editor so-widget-sow-editor-base\"\n\t\t\t\n\t\t>\n<div class=\"siteorigin-widget-tinymce textwidget\">\n\t<h2 style=\"text-align: center;\">Mithelfen<\/h2>\n<h4 style=\"text-align: center;\">Liegen dir Kinder in Armut besonders am Herzen? Willst du noch mehr f\u00fcr diese Kinder tun?<\/h4>\n<h4 style=\"text-align: center;\">Du kannst dich ehrenamtlich f\u00fcr Compassion engagieren und deine Zeit und Energie einsetzen, um Kinder aus Armut zu befreien \u2013 in Jesu Namen! Sei es als \u00dcbersetzerin, als Mitarbeiter an einem Stand, durch eine Pr\u00e4sentation in deiner Kirche oder durch Mithilfe beim Versand \u2013 tue das, was dir liegt.<\/h4>\n<h4 style=\"text-align: center;\">Hier stellen wir dir einige M\u00f6glichkeiten vor:<\/h4>\n<p>&nbsp;<\/p>\n<\/div>\n<\/div><\/div><div id=\"panel-29213-1-0-1\" class=\"so-panel widget widget_siteorigin-panels-builder panel-last-child\" data-index=\"2\" ><div id=\"pl-w65a69ab5065f4\"  class=\"panel-layout\" ><div class=\"row section_row\"><div id=\"pg-w65a69ab5065f4-0\"  class=\"panel-grid panel-no-style\" ><div id=\"pgc-w65a69ab5065f4-0-0\"  class=\"panel-grid-cell\" ><div id=\"panel-w65a69ab5065f4-0-0-0\" class=\"so-panel widget widget_teaser-box panel-first-child\" data-index=\"0\" ><div\n\t\t\t\n\t\t\tclass=\"so-widget-teaser-box so-widget-teaser-box-teaser-box-style-d75171398898\"\n\t\t\t\n\t\t><div class=\"teaser-box\">\n  <div class=\"image position-\" style=\"background-image: url(https:\/\/staging.compassion.ch\/wp-content\/uploads\/2016\/03\/IMG_3952.jpg);\"><\/div>\n  <h4 class=\"svg-divider\">An Konzerten &amp; Konferenzen<\/h4>\n  <p>\u201eTu deinen Mund auf f\u00fcr die Stummen und f\u00fcr die Sache aller, die verlassen sind.\u201c Dazu fordert Salomo uns in Spr\u00fcche 31 auf. Wir suchen immer wieder Leute, die f\u00fcr jene Kinder sprechen, die nicht f\u00fcr sich selber sprechen k\u00f6nnen, f\u00fcr Kinder, die in extremer Armut leben.<\/p>\n<p>An Konzerten, Konferenzen und Gottesdiensten hast du Gelegenheit, \u00fcber deine Erfahrungen als Compassion Pate und \u00fcber dein Herz f\u00fcr Kinder in Armut zu sprechen. Wir unterst\u00fctzen dich dabei mit Material und Tipps und helfen dir bei den Vorbereitungen.<\/p>\n<p><a href=\"#form\">mehr Infos anfragen<\/a><\/p>\n<\/div>\n<\/div><\/div><div id=\"panel-w65a69ab5065f4-0-0-1\" class=\"so-panel widget widget_teaser-box\" data-index=\"1\" ><div\n\t\t\t\n\t\t\tclass=\"so-widget-teaser-box so-widget-teaser-box-teaser-box-style-d75171398898\"\n\t\t\t\n\t\t><div class=\"teaser-box\">\n  <div class=\"image position-\" style=\"background-image: url(https:\/\/staging.compassion.ch\/wp-content\/uploads\/2024\/01\/compassion_traduction.jpg);\"><\/div>\n  <h4 class=\"svg-divider\">\u00dcbersetzen<\/h4>\n  <p>Unsere \u00dcbersetzerinnen und \u00dcbersetzer sind das Bindeglied zwischen den Paten und den Kindern. 30% der Briefe brauchen \u00dcbersetzung.<\/p>\n<p>Wenn Sprachen deine St\u00e4rke sind (Deutsch, Franz\u00f6sisch, Englisch, Spanisch oder Portugiesisch), wirst du diese Arbeit lieben. Du hast Zugang zu den wunderbaren Briefen unserer Patenkinder und bist ganz nah am Kern unserer Arbeit, n\u00e4mlich an der ermutigenden und pers\u00f6nlichen Beziehung zwischen Kindern und Paten, an der so vieles h\u00e4ngt.<\/p>\n<p><a href=\"#form\">mehr Infos anfragen<\/a><\/p>\n<\/div>\n<\/div><\/div><div id=\"panel-w65a69ab5065f4-0-0-2\" class=\"so-panel widget widget_teaser-box panel-last-child\" data-index=\"2\" ><div\n\t\t\t\n\t\t\tclass=\"so-widget-teaser-box so-widget-teaser-box-teaser-box-style-d75171398898\"\n\t\t\t\n\t\t><div class=\"teaser-box\">\n  <div class=\"image position-\" style=\"background-image: url(https:\/\/staging.compassion.ch\/wp-content\/uploads\/2017\/01\/muskathlon_banner.jpg);\"><\/div>\n  <h4 class=\"svg-divider\">Sportlicher Einsatz<\/h4>\n  <p>Du magst frische Luft und Adrenalin? Sport geh\u00f6rt zu deinem Leben? Verbinde deine Leidenschaft mit deinem Herzensanliegen f\u00fcr arme Kinder und nimm an einem Muskathlon teil. Ein extremer Einsatz f\u00fcr Gerechtigkeit weltweit!<\/p>\n<p><a href=\"#form\">mehr Infos anfragen<\/a><\/p>\n<p>&nbsp;<\/p>\n<p><a id=\"#\" href=\"https:\/\/staging.compassion.ch\/de\/sport\/\" class=\"button button-blue button-medium\">Weitere&nbsp;Informationen \u00fcber den Muskathlon<\/a><\/p>\n<\/div>\n<\/div><\/div><\/div><div id=\"pgc-w65a69ab5065f4-0-1\"  class=\"panel-grid-cell\" ><div id=\"panel-w65a69ab5065f4-0-1-0\" class=\"so-panel widget widget_teaser-box panel-first-child\" data-index=\"3\" ><div\n\t\t\t\n\t\t\tclass=\"so-widget-teaser-box so-widget-teaser-box-teaser-box-style-d75171398898\"\n\t\t\t\n\t\t><div class=\"teaser-box\">\n  <div class=\"image position-\" style=\"background-image: url(https:\/\/staging.compassion.ch\/wp-content\/uploads\/2016\/03\/10.02_CompassionChurch.jpg);\"><\/div>\n  <h4 class=\"svg-divider\">In deiner Gemeinde<\/h4>\n  <p>Liegt es dir am Herzen, dass die Themen Armut und Gerechtigkeit und das Anliegen der Kinder in deiner Kirche oder Gemeinde einen festen Platz haben? Dann sei unser Bindeglied in deiner Gemeinde!<\/p>\n<p>Wir halten dich auf dem Laufenden und versorgen dich mit Material f\u00fcr Pr\u00e4sentationen, Kindergottesdienste, Filmgottesdienste oder Workshops. Du schaust dann jeweils mit den Gemeindeleitenden, in welchem Rahmen die Themen eingebracht werden k\u00f6nnen. Dabei wirst du von Compassion Mitarbeitenden unterst\u00fctzt.<\/p>\n<p><a href=\"#form\">mehr Infos anfragen<\/a><\/p>\n<\/div>\n<\/div><\/div><div id=\"panel-w65a69ab5065f4-0-1-1\" class=\"so-panel widget widget_teaser-box\" data-index=\"4\" ><div\n\t\t\t\n\t\t\tclass=\"so-widget-teaser-box so-widget-teaser-box-teaser-box-style-d75171398898\"\n\t\t\t\n\t\t><div class=\"teaser-box\">\n  <div class=\"image position-\" style=\"background-image: url(https:\/\/staging.compassion.ch\/wp-content\/uploads\/2021\/06\/beten_compassion_schweiz.jpg);\"><\/div>\n  <h4 class=\"svg-divider\">Beten<\/h4>\n  <p>Unsere gemeinsamen Gebete machen einen grossen Unterschied im Leben von Kindern und Familien auf der ganzen Welt. Paten und Unterst\u00fctzer\/innen k\u00f6nnen einmal im Monat Gebetsanliegen f\u00fcr Kinder in Armut, f\u00fcr unsere 8000 Partnerkirchen und f\u00fcr die Herausforderungen von Compassion in der Schweiz erhalten.<\/p>\n<p><a href=\"#form\">Anmelden<\/a><\/p>\n<\/div>\n<\/div><\/div><div id=\"panel-w65a69ab5065f4-0-1-2\" class=\"so-panel widget widget_teaser-box panel-last-child\" data-index=\"5\" ><div\n\t\t\t\n\t\t\tclass=\"so-widget-teaser-box so-widget-teaser-box-teaser-box-style-d75171398898\"\n\t\t\t\n\t\t><div class=\"teaser-box\">\n  <div class=\"image position-\" style=\"background-image: url(https:\/\/staging.compassion.ch\/wp-content\/uploads\/2020\/11\/together_banner.jpg);\"><\/div>\n  <h4 class=\"svg-divider\">TOGETHER<\/h4>\n  <p>TOGETHER ist eine Spenden-Plattform des Kinderhilfswerks Compassion Schweiz. Einzelpersonen oder Gruppen erstellen eigene Fundraising-Aktionen f\u00fcr ausgew\u00e4hlte Entwicklungsprojekte, die von Compassion umgesetzt werden.<\/p>\n<p>Together funktioniert simpel und unkompliziert. Mit wenigen Klicks startest du dein eigenes Projekt. Du setzt dir ein Ziel und legst das Enddatum fest. Dann l\u00e4dst du deine Familie und Freunde per E-Mail, Facebook oder Instagram dazu ein, dein Sammelziel mit ihren Spenden zu unterst\u00fctzen.<\/p>\n<p><a href=\"https:\/\/together.staging.compassion.ch\/de_DE\/homepage\/\">Weitere&nbsp;Informationen \u00fcber TOGETHER<\/a><\/p>\n<\/div>\n<\/div><\/div><\/div><\/div><\/div><\/div><\/div><\/div><\/div><\/div><\/div><div class=\"section background-blue\" ><div class=\"row section_row\"><div id=\"pg-29213-2\"  class=\"panel-grid panel-has-style\" ><div id=\"form\" class=\"panel-row-style panel-row-style-for-29213-2\" ><div id=\"pgc-29213-2-0\"  class=\"panel-grid-cell\" ><div id=\"panel-29213-2-0-0\" class=\"so-panel widget widget_sow-editor panel-first-child panel-last-child\" data-index=\"3\" ><div\n\t\t\t\n\t\t\tclass=\"so-widget-sow-editor so-widget-sow-editor-base\"\n\t\t\t\n\t\t>\n<div class=\"siteorigin-widget-tinymce textwidget\">\n\t<h2 class=\"text-uppercase\" style=\"text-align: center;\">Informationen anfordern<\/h2>\n<p class=\"subtitle\" style=\"text-align: center;\">Bitte f\u00fclle das Formular aus, damit wir dir mehr Infos zukommen lassen k\u00f6nnen, wie du dich f\u00fcr Kinder in Armut einsetzen kannst. Wir werden schnellstm\u00f6glich mit dir Kontakt aufnehmen.<\/p>\n<p class=\"subtitle\" style=\"text-align: center;\">\n<div class=\"wpcf7 no-js\" id=\"wpcf7-f29216-o1\" lang=\"de-DE\" dir=\"ltr\" data-wpcf7-id=\"29216\">\n<div class=\"screen-reader-response\"><p role=\"status\" aria-live=\"polite\" aria-atomic=\"true\"><\/p> <ul><\/ul><\/div>\n<form action=\"\/de\/wp-json\/wp\/v2\/pages\/29213#wpcf7-f29216-o1\" method=\"post\" class=\"wpcf7-form init\" aria-label=\"Kontaktformular\" novalidate=\"novalidate\" data-status=\"init\">\n<fieldset class=\"hidden-fields-container\"><input type=\"hidden\" name=\"_wpcf7\" value=\"29216\" \/><input type=\"hidden\" name=\"_wpcf7_version\" value=\"6.1.4\" \/><input type=\"hidden\" name=\"_wpcf7_locale\" value=\"de_DE\" \/><input type=\"hidden\" name=\"_wpcf7_unit_tag\" value=\"wpcf7-f29216-o1\" \/><input type=\"hidden\" name=\"_wpcf7_container_post\" value=\"0\" \/><input type=\"hidden\" name=\"_wpcf7_posted_data_hash\" value=\"\" \/><input type=\"hidden\" name=\"_wpcf7_recaptcha_response\" value=\"\" \/>\n<\/fieldset>\n<div class=\"large-6 column\">\n\t<div class=\"field-wrapper\">\n\t\t<p><label class=\"no-margin\">Anrede<\/label>\n\t\t<\/p>\n\t\t<div class=\"cf7-input-wrapper\">\n\t\t\t<p><span class=\"wpcf7-form-control-wrap\" data-name=\"radio-569\"><span class=\"wpcf7-form-control wpcf7-radio\"><span class=\"wpcf7-list-item first\"><input type=\"radio\" name=\"radio-569\" value=\"Frau\" checked=\"checked\" \/><span class=\"wpcf7-list-item-label\">Frau<\/span><\/span><span class=\"wpcf7-list-item last\"><input type=\"radio\" name=\"radio-569\" value=\"Herr\" \/><span class=\"wpcf7-list-item-label\">Herr<\/span><\/span><\/span><\/span>\n\t\t\t<\/p>\n\t\t<\/div>\n\t<\/div>\n\t<div style=\"clear:both\">\n\t<\/div>\n\t<div class=\"field-wrapper\">\n\t\t<p><label>Vorname, Name*<\/label>\n\t\t<\/p>\n\t\t<div class=\"cf7-input-wrapper\">\n\t\t\t<p><span class=\"wpcf7-form-control-wrap\" data-name=\"prenom\"><input size=\"40\" maxlength=\"400\" class=\"wpcf7-form-control wpcf7-text wpcf7-validates-as-required\" aria-required=\"true\" aria-invalid=\"false\" value=\"\" type=\"text\" name=\"prenom\" \/><\/span>\n\t\t\t<\/p>\n\t\t<\/div>\n\t<\/div>\n\t<div class=\"field-wrapper\">\n\t\t<p><label>Telefon*<\/label>\n\t\t<\/p>\n\t\t<div class=\"cf7-input-wrapper\">\n\t\t\t<p><span class=\"wpcf7-form-control-wrap\" data-name=\"tel\"><input size=\"40\" maxlength=\"400\" class=\"wpcf7-form-control wpcf7-text wpcf7-validates-as-required\" aria-required=\"true\" aria-invalid=\"false\" value=\"\" type=\"text\" name=\"tel\" \/><\/span>\n\t\t\t<\/p>\n\t\t<\/div>\n\t<\/div>\n\t<div class=\"field-wrapper\">\n\t\t<p><label>E-Mail Adresse*<\/label>\n\t\t<\/p>\n\t\t<div class=\"cf7-input-wrapper\">\n\t\t\t<p><span class=\"wpcf7-form-control-wrap\" data-name=\"email\"><input size=\"40\" maxlength=\"400\" class=\"wpcf7-form-control wpcf7-email wpcf7-validates-as-required wpcf7-text wpcf7-validates-as-email\" aria-required=\"true\" aria-invalid=\"false\" value=\"\" type=\"email\" name=\"email\" \/><\/span>\n\t\t\t<\/p>\n\t\t<\/div>\n\t<\/div>\n\t<div class=\"field-wrapper\">\n\t\t<p><label>Meine Gemeinde<\/label>\n\t\t<\/p>\n\t\t<div class=\"cf7-input-wrapper\">\n\t\t\t<p><span class=\"wpcf7-form-control-wrap\" data-name=\"eglise\"><input size=\"40\" maxlength=\"400\" class=\"wpcf7-form-control wpcf7-text\" aria-invalid=\"false\" value=\"\" type=\"text\" name=\"eglise\" \/><\/span>\n\t\t\t<\/p>\n\t\t<\/div>\n\t<\/div>\n<\/div>\n<div class=\"large-6 column engagement-form\">\n\t<div class=\"field-wrapper\">\n\t\t<h6>Bitte sendet mir Informationen zu:\n\t\t<\/h6>\n\t<\/div>\n\t<div class=\"field-wrapper kommit\">\n\t\t<div class=\"\">\n\t\t\t<p><span class=\"wpcf7-form-control-wrap\" data-name=\"checkbox-676\"><span class=\"wpcf7-form-control wpcf7-checkbox wpcf7-validates-as-required\"><span class=\"wpcf7-list-item first\"><input type=\"checkbox\" name=\"checkbox-676[]\" value=\"Engagement an Events\" \/><span class=\"wpcf7-list-item-label\">Engagement an Events<\/span><\/span><span class=\"wpcf7-list-item\"><input type=\"checkbox\" name=\"checkbox-676[]\" value=\"\u00dcbersetzung der Briefe\" \/><span class=\"wpcf7-list-item-label\">\u00dcbersetzung der Briefe<\/span><\/span><span class=\"wpcf7-list-item\"><input type=\"checkbox\" name=\"checkbox-676[]\" value=\"Engagement in meiner Gemeinde\" \/><span class=\"wpcf7-list-item-label\">Engagement in meiner Gemeinde<\/span><\/span><span class=\"wpcf7-list-item\"><input type=\"checkbox\" name=\"checkbox-676[]\" value=\"Beten\" \/><span class=\"wpcf7-list-item-label\">Beten<\/span><\/span><span class=\"wpcf7-list-item last\"><input type=\"checkbox\" name=\"checkbox-676[]\" value=\"Laufen f\u00fcr Kinder\" \/><span class=\"wpcf7-list-item-label\">Laufen f\u00fcr Kinder<\/span><\/span><\/span><\/span>\n\t\t\t<\/p>\n\t\t<\/div>\n\t<\/div>\n\t<div class=\"field-wrapper\">\n\t\t<p><label>Bemerkung<\/label>\n\t\t<\/p>\n\t\t<div class=\"cf7-input-wrapper\">\n\t\t\t<p><span class=\"wpcf7-form-control-wrap\" data-name=\"message\"><textarea cols=\"40\" rows=\"10\" maxlength=\"2000\" class=\"wpcf7-form-control wpcf7-textarea\" aria-invalid=\"false\" name=\"message\"><\/textarea><\/span>\n\t\t\t<\/p>\n\t\t<\/div>\n\t<\/div>\n\t<div class=\"field-wrapper\">\n\t\t<p><input class=\"wpcf7-form-control wpcf7-submit has-spinner button float-right button-blue button-medium button-dark-blue\" type=\"submit\" value=\"Absenden\" \/>\n\t\t<\/p>\n\t<\/div>\n<\/div><div class=\"wpcf7-response-output\" aria-hidden=\"true\"><\/div>\n<\/form>\n<\/div>\n<\/p>\n<\/div>\n<\/div><\/div><\/div><\/div><\/div><\/div><\/div><div class=\"section background-beige section_abgerissen_oben section_full_width\" ><div id=\"pg-29213-3\"  class=\"panel-grid panel-no-style\" ><div id=\"pgc-29213-3-0\"  class=\"panel-grid-cell\" ><div id=\"panel-29213-3-0-0\" class=\"so-panel widget widget_kundenstimmen-slider panel-first-child panel-last-child\" data-index=\"4\" ><div\n\t\t\t\n\t\t\tclass=\"so-widget-kundenstimmen-slider so-widget-kundenstimmen-slider-kundenstimmen-slider-style-d75171398898-29213\"\n\t\t\t\n\t\t><div class=\"slick-carousel slick-kundenstimmen\" data-slickSlides=\"1\" data-slickScroll=\"1\" data-slickArrows=\"true\" data-slickDots=\"true\">\n\n  \n  <div class=\"slide\">\n    <div class=\"row\">\n      <div class=\"slide-content-wrapper\">\n        <div class=\"slide-image\" style=\"background-image: url(https:\/\/staging.compassion.ch\/wp-content\/uploads\/2016\/03\/compassion_volontaire1.jpg);\"><\/div>\n        <div class=\"slide-content\">\n          <p>W\u00e4hrend meines Zivildienst bei Compassion k\u00fcmmere ich mich um neue Paten und auch um den Briefaustausch. Das ber\u00fchrt mich am meisten: ich sehe in den Briefen, wie dankbar die Kinder sind, dass sich ihr Pate f\u00fcr sie interessiert, f\u00fcr sie betet, sie unterst\u00fctzt und ihnen die Chance auf ein besseres Leben schenkt.<\/p>\n          <span class=\"person\">Benoit Tissot<\/span>\n        <\/div>\n      <\/div>\n    <\/div>\n  <\/div>\n\n  \n  <div class=\"slide\">\n    <div class=\"row\">\n      <div class=\"slide-content-wrapper\">\n        <div class=\"slide-image\" style=\"background-image: url(https:\/\/staging.compassion.ch\/wp-content\/uploads\/2016\/03\/compassion_d_stauffer.jpg);\"><\/div>\n        <div class=\"slide-content\">\n          <p>Hallo, ich heisse Deborah und helfe leidenschaftlich mit. Ich finde Compassion eine tolle Organisation die das Herz am gleichen Ort hat wie ich. Ich bin dankbar das ich hier in der Schweiz ein so tolles Lebens f\u00fchren kann. Nicht alle haben dieses Gl\u00fcck. Mit meinen Eins\u00e4tzen kann ich einen kleinen Beitrag leisten, Kinder n\u00e4her zum Reich Gottes zu f\u00fchren und sie ganzheitlich zu unterst\u00fctzen.<\/p>\n          <span class=\"person\">Deborah Stauffer<\/span>\n        <\/div>\n      <\/div>\n    <\/div>\n  <\/div>\n\n  \n  <div class=\"slide\">\n    <div class=\"row\">\n      <div class=\"slide-content-wrapper\">\n        <div class=\"slide-image\" style=\"background-image: url(https:\/\/staging.compassion.ch\/wp-content\/uploads\/2016\/03\/compassion_volontaire2.jpg);\"><\/div>\n        <div class=\"slide-content\">\n          <p>Ich \u00fcbersetze leidenschaftlich gerne Patenschaftsbriefe. Es ist eine tolle Sache, denn so kann ich einen Beitrag leisten, Kinder ganzheitlich zu unterst\u00fctzen und Reich Gottes zu bauen.<\/p>\n          <span class=\"person\">Mirjam Hedinger<\/span>\n        <\/div>\n      <\/div>\n    <\/div>\n  <\/div>\n\n  \n<\/div>\n<\/div><\/div><\/div><\/div><\/div><\/div><\/div>","protected":false},"excerpt":{"rendered":"<p>Mithelfen Liegen dir Kinder in Armut besonders am Herzen? Willst du noch mehr f\u00fcr diese Kinder tun? Du kannst dich ehrenamtlich f\u00fcr Compassion engagieren und deine Zeit und Energie einsetzen, um Kinder aus Armut zu befreien \u2013 in Jesu Namen!<span class=\"excerpt_more\">&#8230;<\/span><\/p>\n","protected":false},"author":8,"featured_media":0,"parent":0,"menu_order":0,"comment_status":"closed","ping_status":"closed","template":"","meta":{"give_campaign_id":0,"footnotes":""},"class_list":["post-29213","page","type-page","status-publish","hentry"],"campaignId":"","_links":{"self":[{"href":"https:\/\/staging.compassion.ch\/de\/wp-json\/wp\/v2\/pages\/29213","targetHints":{"allow":["GET"]}}],"collection":[{"href":"https:\/\/staging.compassion.ch\/de\/wp-json\/wp\/v2\/pages"}],"about":[{"href":"https:\/\/staging.compassion.ch\/de\/wp-json\/wp\/v2\/types\/page"}],"author":[{"embeddable":true,"href":"https:\/\/staging.compassion.ch\/de\/wp-json\/wp\/v2\/users\/8"}],"replies":[{"embeddable":true,"href":"https:\/\/staging.compassion.ch\/de\/wp-json\/wp\/v2\/comments?post=29213"}],"version-history":[{"count":2,"href":"https:\/\/staging.compassion.ch\/de\/wp-json\/wp\/v2\/pages\/29213\/revisions"}],"predecessor-version":[{"id":504878,"href":"https:\/\/staging.compassion.ch\/de\/wp-json\/wp\/v2\/pages\/29213\/revisions\/504878"}],"wp:attachment":[{"href":"https:\/\/staging.compassion.ch\/de\/wp-json\/wp\/v2\/media?parent=29213"}],"curies":[{"name":"wp","href":"https:\/\/api.w.org\/{rel}","templated":true}]}}