{"id":13351,"date":"2016-03-08T16:49:54","date_gmt":"2016-03-08T15:49:54","guid":{"rendered":"https:\/\/compassion.ch\/kinderpatenschaften\/sie-bewirken-koennen\/"},"modified":"2023-09-04T09:30:25","modified_gmt":"2023-09-04T07:30:25","slug":"was-sie-bewirken-koennen","status":"publish","type":"page","link":"https:\/\/staging.compassion.ch\/de\/was-sie-bewirken-koennen\/","title":{"rendered":"Was du bewirken kannst"},"content":{"rendered":"<div id=\"pl-13351\"  class=\"panel-layout\" ><div class=\"section background-blue section_abgerissen_unten remove_margin_bottom has_breadcrumb\" ><div class=\"row section_breadcrumb\"><ul id=\"breadcrumbs\" class=\"breadcrumbs\"><li class=\"item-home\"><a class=\"bread-link bread-home\" href=\"https:\/\/staging.compassion.ch\/de\/\" title=\"Home\">Home<\/a><\/li><li class=\"separator separator-home\"> <span class=\"triangle\"><\/span> <\/li><\/ul><\/div><div class=\"row section_row\"><div id=\"pg-13351-0\"  class=\"panel-grid panel-no-style\" ><div id=\"pgc-13351-0-0\"  class=\"panel-grid-cell panel-grid-cell-empty\" ><\/div><div id=\"pgc-13351-0-1\"  class=\"panel-grid-cell panel-grid-cell-mobile-last\" ><div id=\"panel-13351-0-1-0\" class=\"so-panel widget widget_sow-editor panel-first-child panel-last-child\" data-index=\"0\" ><div\n\t\t\t\n\t\t\tclass=\"so-widget-sow-editor so-widget-sow-editor-base\"\n\t\t\t\n\t\t>\n<div class=\"siteorigin-widget-tinymce textwidget\">\n\t<h2 style=\"text-align: center;\">Was du bewirken kannst<\/h2>\n<p class=\"subtitle\" style=\"text-align: center;\">Im Mittelpunkt der Arbeit von Compassion steht das Kind selbst. Jedes Kind soll umfassend und nachhaltig in seiner Pers\u00f6nlichkeit gef\u00f6rdert werden. Hierf\u00fcr wurde ein Lehrplan entwickelt, der weltweit in allen Kinderzentren umgesetzt wird.<\/p>\n<\/div>\n<\/div><\/div><\/div><div id=\"pgc-13351-0-2\"  class=\"panel-grid-cell panel-grid-cell-empty\" ><\/div><\/div><\/div><\/div><div class=\"section background-beige-gradient background-beige\" ><div class=\"row section_row\"><div id=\"pg-13351-1\"  class=\"panel-grid panel-no-style\" ><div id=\"pgc-13351-1-0\"  class=\"panel-grid-cell\" ><div id=\"panel-13351-1-0-0\" class=\"so-panel widget widget_siteorigin-panels-builder panel-first-child panel-last-child\" data-index=\"1\" ><div id=\"pl-w5da721aed0e87\"  class=\"panel-layout\" ><div class=\"row section_row\"><div id=\"pg-w5da721aed0e87-0\"  class=\"panel-grid panel-no-style\" ><div id=\"pgc-w5da721aed0e87-0-0\"  class=\"panel-grid-cell\" ><div id=\"panel-w5da721aed0e87-0-0-0\" class=\"so-panel widget widget_teaser-box panel-first-child\" data-index=\"0\" ><div\n\t\t\t\n\t\t\tclass=\"so-widget-teaser-box so-widget-teaser-box-teaser-box-style-d75171398898\"\n\t\t\t\n\t\t><div class=\"teaser-box\">\n  <div class=\"image position-\" style=\"background-image: url(https:\/\/staging.compassion.ch\/wp-content\/uploads\/2016\/03\/Babymassband.jpg);\"><\/div>\n  <h4 class=\"svg-divider\">Gesundheit<\/h4>\n  <p>Compassion f\u00fchrt bei jedem Patenkind\u00a0regelm\u00e4ssige\u00a0Gesundheitsvorsorgen durch und gew\u00e4hrleistet eine umfassende medizinische Versorgung. Jedes Kind erh\u00e4lt Standardimpfungen bei der Aufnahme ins Kinderzentrum. Wenn eine \u00e4rztliche Behandlung notwendig ist, wird diese erm\u00f6glicht. Stehen einmal\u00a0gr\u00f6ssere\u00a0gesundheitliche Probleme mit einer\u00a0evtl. Operation an, steht zus\u00e4tzlich der Fonds \u201eMedizinische Hilfe\u201c zur Verf\u00fcgung. Kinder im Kinderzentrum lernen durch Schulungen, wie sie sich durch Hygiene und gesunde Ern\u00e4hrung vor Krankheiten sch\u00fctzen und ihre Gesundheit erhalten k\u00f6nnen (beispielsweise mehrmals t\u00e4glich die H\u00e4nde waschen und sauberes, abgekochtes Wasser trinken). Dar\u00fcber hinaus werden auch sportliche Aktivit\u00e4ten wie\u00a0Fussball, Volleyball oder Tanzen angeboten. Zur Gesundheitsf\u00fcrsorge geh\u00f6rt aber beispielsweise auch Pr\u00e4ventionsarbeit im Bereich Kindesmissbrauch.<\/p><\/div>\n<\/div><\/div><div id=\"panel-w5da721aed0e87-0-0-1\" class=\"so-panel widget widget_teaser-box panel-last-child\" data-index=\"1\" ><div\n\t\t\t\n\t\t\tclass=\"so-widget-teaser-box so-widget-teaser-box-teaser-box-style-d75171398898\"\n\t\t\t\n\t\t><div class=\"teaser-box\">\n  <div class=\"image position-\" style=\"background-image: url(https:\/\/staging.compassion.ch\/wp-content\/uploads\/2016\/07\/DDIECKMANN-23.jpg);\"><\/div>\n  <h4 class=\"svg-divider\">Soziales Miteinander<\/h4>\n  <p>Kindern beizubringen, wie sie in angemessener Weise mit ihren Mitmenschen umgehen k\u00f6nnen, ist eine sehr wichtige Basis f\u00fcr unser Zusammenleben. Die Kinder bekommen durch Compassion Werte vermittelt, die dazu beitragen, dass sie selbstbewusst aufwachsen und w\u00fcrde- und respektvoll miteinander umgehen. Der Unterricht im Kinderzentrum verhilft den Kindern, ihre eigenen St\u00e4rken und Schw\u00e4chen kennenzulernen und wie sie am besten ihre Begabungen einsetzen k\u00f6nnen. Angebote wie Theater oder Kunstworkshops helfen den Jugendlichen, das Gelernte zu verarbeiten und anzuwenden. Das Angebot von Compassion ist\u00a0eine sinnvolle Erg\u00e4nzung zum staatlichen Unterricht und bereitet die Kinder ganzheitlich auf das Leben vor.<\/p><\/div>\n<\/div><\/div><\/div><div id=\"pgc-w5da721aed0e87-0-1\"  class=\"panel-grid-cell\" ><div id=\"panel-w5da721aed0e87-0-1-0\" class=\"so-panel widget widget_teaser-box panel-first-child\" data-index=\"2\" ><div\n\t\t\t\n\t\t\tclass=\"so-widget-teaser-box so-widget-teaser-box-teaser-box-style-d75171398898\"\n\t\t\t\n\t\t><div class=\"teaser-box\">\n  <div class=\"image position-\" style=\"background-image: url(https:\/\/staging.compassion.ch\/wp-content\/uploads\/2016\/03\/compassion-3.jpg);\"><\/div>\n  <h4 class=\"svg-divider\">Bildung und kognitive Entwicklung<\/h4>\n  <p>Je nach \u00f6rtlicher Situation erg\u00e4nzt Compassion das \u00f6rtliche Bildungsangebot f\u00fcr die Patenkinder, um die bestm\u00f6gliche Schulbildung zu erm\u00f6glichen. Dies kann unterschiedliche Formen haben. Zum Beispiel \u00fcbernimmt Compassion die finanziellen Aufwendungen f\u00fcr die Schulbildung der Kinder (Schulgeb\u00fchren, Schuluniform und Lernmaterial). Neben der allgemeinen Schulbildung legt Compassion Wert auf nicht-formale Bildung, da diese dabei hilft, die Pers\u00f6nlichkeit jedes einzelnen umfassend zu f\u00f6rdern. Je nach Alter erfahren die Kinder in den Kinderzentren etwas \u00fcber Flora und Fauna ihrer Heimat, \u00fcber\u00a0Umweltschutzmassnahmen, erhalten Einblick in verschiedene Berufe oder lernen, wie man gut haushaltet oder einen Businessplan erstellt. Es gibt auch Computerkurse und individuelle F\u00f6rderung handwerklicher Begabungen.<\/p><\/div>\n<\/div><\/div><div id=\"panel-w5da721aed0e87-0-1-1\" class=\"so-panel widget widget_teaser-box panel-last-child\" data-index=\"3\" ><div\n\t\t\t\n\t\t\tclass=\"so-widget-teaser-box so-widget-teaser-box-teaser-box-style-d75171398898\"\n\t\t\t\n\t\t><div class=\"teaser-box\">\n  <div class=\"image position-\" style=\"background-image: url(https:\/\/staging.compassion.ch\/wp-content\/uploads\/2016\/07\/DDIECKMANN-32.jpg);\"><\/div>\n  <h4 class=\"svg-divider\">Geistliches Leben<\/h4>\n  <p>In vielen unserer Projektl\u00e4nder spielt\u00a0Glaube\u00a0eine\u00a0wichtige\u00a0Rolle. Wir sind \u00fcberzeugt, dass die Liebe Gottes ein wichtiger Schl\u00fcssel f\u00fcr das Selbstwertgef\u00fchl und die Zukunftsperspektiven der Kinder und Jugendlichen ist. Deshalb erz\u00e4hlen wir den Compassion-Kindern von\u00a0Jesus Christus. Jedes Kind erh\u00e4lt eine altersgem\u00e4sse Bibel.\u00a0<\/p><p>Dazu holen wir vorg\u00e4ngig das Einverst\u00e4ndnis der Eltern ein. Kein Kind wird verpflichtet, den christlichen Glauben anzunehmen, um ins Patenschaftsprogramm\u00a0aufgenommen zu werden\u00a0oder im Programm zu bleiben! Das Programm steht Kindern mit jedem religi\u00f6sen Hintergrund offen.<\/p><\/div>\n<\/div><\/div><\/div><\/div><\/div><\/div><\/div><\/div><\/div><\/div><\/div><div class=\"section background-image section_full_width\" ><div id=\"pg-13351-2\"  class=\"panel-grid panel-no-style\" ><div id=\"pgc-13351-2-0\"  class=\"panel-grid-cell\" ><div id=\"panel-13351-2-0-0\" class=\"so-panel widget widget_sow-editor panel-first-child\" data-index=\"2\" ><div\n\t\t\t\n\t\t\tclass=\"so-widget-sow-editor so-widget-sow-editor-base\"\n\t\t\t\n\t\t>\n<div class=\"siteorigin-widget-tinymce textwidget\">\n\t<h2 style=\"text-align: center;\">Hilf Kindern<\/h2>\n<\/div>\n<\/div><\/div><div id=\"panel-13351-2-0-1\" class=\"so-panel widget widget_siteorigin-panels-builder panel-last-child\" data-index=\"3\" ><div id=\"pl-w60a7545e55589\"  class=\"panel-layout\" ><div class=\"row section_row\"><div id=\"pg-w60a7545e55589-0\"  class=\"panel-grid panel-no-style\" ><div id=\"pgc-w60a7545e55589-0-0\"  class=\"panel-grid-cell\" ><div id=\"panel-w60a7545e55589-0-0-0\" class=\"so-panel widget widget_sow-editor panel-first-child\" data-index=\"0\" ><div\n\t\t\t\n\t\t\tclass=\"so-widget-sow-editor so-widget-sow-editor-base\"\n\t\t\t\n\t\t>\n<div class=\"siteorigin-widget-tinymce textwidget\">\n\t<h4 class=\"text-uppercase\" style=\"text-align: center;\">Die Compassion Hilfsfonds<\/h4>\n<p style=\"text-align: center;\">Unsere erg\u00e4nzenden Hilfsfonds tragen dazu bei, dass die Kinderzentren nicht nur den Patenkindern, sondern auch deren Familien sowie dem Umfeld helfen k\u00f6nnen.<\/p>\n<\/div>\n<\/div><\/div><div id=\"panel-w60a7545e55589-0-0-1\" class=\"so-panel widget widget_widget-button panel-last-child\" data-index=\"1\" ><div\n\t\t\t\n\t\t\tclass=\"so-widget-widget-button so-widget-widget-button-widget-button-style-d75171398898\"\n\t\t\t\n\t\t>\n  <div class=\"button-center-wrapper\">\n\n<a href=\"\/de\/spenden\/\" class=\"button button-blue button-center button-medium\">Spenden<\/a>\n\n  <\/div>\n<\/div><\/div><\/div><div id=\"pgc-w60a7545e55589-0-1\"  class=\"panel-grid-cell\" ><div id=\"panel-w60a7545e55589-0-1-0\" class=\"so-panel widget widget_sow-editor panel-first-child\" data-index=\"2\" ><div\n\t\t\t\n\t\t\tclass=\"so-widget-sow-editor so-widget-sow-editor-base\"\n\t\t\t\n\t\t>\n<div class=\"siteorigin-widget-tinymce textwidget\">\n\t<h4 class=\"text-uppercase\" style=\"text-align: center;\">Werde Pate<\/h4>\n<p style=\"text-align: center;\">Eine Patenschaft mit Compassion ist der Start einer besonderen Verbindung zwischen dir und deinem Patenkind. Mit einem monatlichen Beitrag von CHF 42.- tr\u00e4gst du dazu bei, dass dein Kind rundum versorgt ist.<\/p>\n<\/div>\n<\/div><\/div><div id=\"panel-w60a7545e55589-0-1-1\" class=\"so-panel widget widget_widget-button panel-last-child\" data-index=\"3\" ><div\n\t\t\t\n\t\t\tclass=\"so-widget-widget-button so-widget-widget-button-widget-button-style-d75171398898\"\n\t\t\t\n\t\t>\n  <div class=\"button-center-wrapper\">\n\n<a href=\"\/de\/finden-sie-ein-patenkind\/\" class=\"button button-blue button-center button-medium\">Finde ein Patenkind<\/a>\n\n  <\/div>\n<\/div><\/div><\/div><\/div><\/div><\/div><\/div><\/div><\/div><img decoding=\"async\" class=\"background-image-element\" src=\"https:\/\/staging.compassion.ch\/wp-content\/uploads\/2016\/06\/footer_02.jpg\"><\/div><\/div><\/div>","protected":false},"excerpt":{"rendered":"<p>Was du bewirken kannst Im Mittelpunkt der Arbeit von Compassion steht das Kind selbst. Jedes Kind soll umfassend und nachhaltig in seiner Pers\u00f6nlichkeit gef\u00f6rdert werden. Hierf\u00fcr wurde ein Lehrplan entwickelt, der weltweit in allen Kinderzentren umgesetzt wird.<\/p>\n","protected":false},"author":8,"featured_media":0,"parent":0,"menu_order":0,"comment_status":"closed","ping_status":"closed","template":"","meta":{"give_campaign_id":0,"footnotes":""},"class_list":["post-13351","page","type-page","status-publish","hentry"],"campaignId":"","_links":{"self":[{"href":"https:\/\/staging.compassion.ch\/de\/wp-json\/wp\/v2\/pages\/13351","targetHints":{"allow":["GET"]}}],"collection":[{"href":"https:\/\/staging.compassion.ch\/de\/wp-json\/wp\/v2\/pages"}],"about":[{"href":"https:\/\/staging.compassion.ch\/de\/wp-json\/wp\/v2\/types\/page"}],"author":[{"embeddable":true,"href":"https:\/\/staging.compassion.ch\/de\/wp-json\/wp\/v2\/users\/8"}],"replies":[{"embeddable":true,"href":"https:\/\/staging.compassion.ch\/de\/wp-json\/wp\/v2\/comments?post=13351"}],"version-history":[{"count":0,"href":"https:\/\/staging.compassion.ch\/de\/wp-json\/wp\/v2\/pages\/13351\/revisions"}],"wp:attachment":[{"href":"https:\/\/staging.compassion.ch\/de\/wp-json\/wp\/v2\/media?parent=13351"}],"curies":[{"name":"wp","href":"https:\/\/api.w.org\/{rel}","templated":true}]}}