{"id":107197,"date":"2019-02-04T12:39:06","date_gmt":"2019-02-04T11:39:06","guid":{"rendered":"https:\/\/compassion.ch\/?page_id=107197"},"modified":"2024-04-05T15:57:43","modified_gmt":"2024-04-05T13:57:43","slug":"reisen","status":"publish","type":"page","link":"https:\/\/staging.compassion.ch\/de\/reisen\/","title":{"rendered":"Reisen"},"content":{"rendered":"<div id=\"pl-107197\"  class=\"panel-layout\" ><div class=\"section section_full_width\" ><div id=\"pg-107197-0\"  class=\"panel-grid panel-has-style\" ><div class=\"iw-med-up panel-row-style panel-row-style-for-107197-0\" ><div id=\"pgc-107197-0-0\"  class=\"panel-grid-cell\" ><div id=\"panel-107197-0-0-0\" class=\"so-panel widget widget_image-slider panel-first-child panel-last-child\" data-index=\"0\" ><div\n\t\t\t\n\t\t\tclass=\"so-widget-image-slider so-widget-image-slider-image-slider-style-d75171398898-107197\"\n\t\t\t\n\t\t>\n<div class=\"slick-slider slick-carousel slick-style-head\" data-slickSlides=\"1\" data-slickScroll=\"1\" data-slickArrows=\"true\" data-slickDots=\"true\">\n\n  \n  <div class=\"slide\">\n    <div class=\"slide-image position-center\" style=\"background-image: url(https:\/\/staging.compassion.ch\/wp-content\/uploads\/2019\/02\/slide_page_voyager.jpg);\"><\/div>\n    <div class=\"slide-content-wrapper\">\n      <div class=\"slide-content\">\n              <\/div>\n    <\/div>\n  <\/div>\n\n  \n<\/div>\n<\/div><\/div><\/div><\/div><\/div><\/div><div class=\"section background-blue\" ><div class=\"row section_row\"><div id=\"pg-107197-1\"  class=\"panel-grid panel-has-style\" ><div class=\"panel-row-style panel-row-style-for-107197-1\" ><div id=\"pgc-107197-1-0\"  class=\"panel-grid-cell\" ><div id=\"panel-107197-1-0-0\" class=\"so-panel widget widget_sow-editor panel-first-child panel-last-child\" data-index=\"1\" ><div\n\t\t\t\n\t\t\tclass=\"so-widget-sow-editor so-widget-sow-editor-base\"\n\t\t\t\n\t\t>\n<div class=\"siteorigin-widget-tinymce textwidget\">\n\t<h2 class=\"text-uppercase\" style=\"text-align: center;\">Reisen mit Compassion<\/h2>\n<h4 class=\"subtitle\" style=\"text-align: center;\">M\u00f6chtest du dein Patenkind treffen, ein Kinderzentrum besuchen oder an einer Impact-Reise teilnehmen? Compassion hilft dir mit den Vorbereitungen f\u00fcr einen Besuch vor Ort.<\/h4>\n<\/div>\n<\/div><\/div><\/div><\/div><\/div><\/div><\/div><div class=\"section background-beige\" ><div class=\"row section_row\"><div id=\"pg-107197-2\"  class=\"panel-grid panel-has-style\" ><div id=\"nomarg_section\" class=\"panel-row-style panel-row-style-for-107197-2\" ><div id=\"pgc-107197-2-0\"  class=\"panel-grid-cell\" ><div id=\"panel-107197-2-0-0\" class=\"so-panel widget widget_sow-editor panel-first-child\" data-index=\"2\" ><div id=\"visite_parrain\" class=\"panel-widget-style panel-widget-style-for-107197-2-0-0\" ><div\n\t\t\t\n\t\t\tclass=\"so-widget-sow-editor so-widget-sow-editor-base\"\n\t\t\t\n\t\t>\n<div class=\"siteorigin-widget-tinymce textwidget\">\n\t<\/div>\n<\/div><\/div><\/div><div id=\"panel-107197-2-0-1\" class=\"so-panel widget widget_siteorigin-panels-builder\" data-index=\"3\" ><div id=\"pl-w5ca482fbc2fa3\"  class=\"panel-layout\" ><div class=\"row section_row\"><div id=\"pg-w5ca482fbc2fa3-0\"  class=\"panel-grid panel-no-style\" ><div id=\"pgc-w5ca482fbc2fa3-0-0\"  class=\"panel-grid-cell\" ><div id=\"panel-w5ca482fbc2fa3-0-0-0\" class=\"so-panel widget widget_sow-editor panel-first-child panel-last-child\" data-index=\"0\" ><div\n\t\t\t\n\t\t\tclass=\"so-widget-sow-editor so-widget-sow-editor-base\"\n\t\t\t\n\t\t>\n<div class=\"siteorigin-widget-tinymce textwidget\">\n\t<h3 style=\"text-align: center;\"><span style=\"color: #0054a6;\">INDIVIDUELLER BESUCH<\/span><\/h3>\n<p style=\"text-align: center;\">Hast du dich schon einmal\u00a0gefragt, wie es w\u00e4re, dein Patenkind zu treffen? Dem Kind, mit dem du schon l\u00e4nger \u00fcber Briefe verbunden bist, pers\u00f6nlich zu begegnen? Und hast du dich je gefragt, welche\u00a0Auswirkungen deine Patenschaft hat?<\/p>\n<p style=\"text-align: center;\">Du kannst dein Patenkind auf eigene Faust besuchen. Wir unterst\u00fctzen dich gerne bei der Planung deines Besuchs. Du wirst dein Patenkind im Kinderzentrum und zu Hause treffen und die Familie und die Mitarbeitenden von Compassion kennenlernen.<\/p>\n<p style=\"text-align: center;\">Auch wenn du kein Patenkind hast, helfen wir dir gerne, einen Besuch in einem Kinderzentrum zu organisieren um die Arbeit von Compassion kennenzulernen.<\/p>\n<\/div>\n<\/div><\/div><\/div><\/div><\/div><\/div><\/div><div id=\"panel-107197-2-0-2\" class=\"so-panel widget widget_widget-button\" data-index=\"4\" ><div\n\t\t\t\n\t\t\tclass=\"so-widget-widget-button so-widget-widget-button-widget-button-style-d75171398898-107197\"\n\t\t\t\n\t\t>\n  <div class=\"button-center-wrapper\">\n\n<a href=\"#form\" class=\"button button-blue button-center button-medium\">Informationen anfordern<\/a>\n\n  <\/div>\n<\/div><\/div><div id=\"panel-107197-2-0-3\" class=\"so-panel widget widget_sow-editor\" data-index=\"5\" ><div id=\"decouverte\" class=\"panel-widget-style panel-widget-style-for-107197-2-0-3\" ><div\n\t\t\t\n\t\t\tclass=\"so-widget-sow-editor so-widget-sow-editor-base\"\n\t\t\t\n\t\t>\n<div class=\"siteorigin-widget-tinymce textwidget\">\n\t<hr \/>\n<\/div>\n<\/div><\/div><\/div><div id=\"panel-107197-2-0-4\" class=\"so-panel widget widget_siteorigin-panels-builder\" data-index=\"6\" ><div id=\"impact\" class=\"panel-widget-style panel-widget-style-for-107197-2-0-4\" ><div id=\"pl-w6375f78f3d8b9\"  class=\"panel-layout\" ><div class=\"row section_row\"><div id=\"pg-w6375f78f3d8b9-0\"  class=\"panel-grid panel-no-style\" ><div id=\"pgc-w6375f78f3d8b9-0-0\"  class=\"panel-grid-cell\" ><div id=\"panel-w6375f78f3d8b9-0-0-0\" class=\"so-panel widget widget_sow-editor panel-first-child panel-last-child\" data-index=\"0\" ><div\n\t\t\t\n\t\t\tclass=\"so-widget-sow-editor so-widget-sow-editor-base\"\n\t\t\t\n\t\t>\n<div class=\"siteorigin-widget-tinymce textwidget\">\n\t<h3 style=\"text-align: center;\"><span style=\"color: #0054a6;\">IMPACT-REISE<\/span><\/h3>\n<p style=\"text-align: center;\"><strong>Compassion organisiert regelm\u00e4ssig Impact-Reisen in L\u00e4nder, in denen wir uns im Kampf gegen extreme Armut engagieren.<\/strong><\/p>\n<\/div>\n<\/div><\/div><\/div><\/div><\/div><\/div><\/div><\/div><div id=\"panel-107197-2-0-5\" class=\"so-panel widget widget_sow-headline\" data-index=\"7\" ><div\n\t\t\t\n\t\t\tclass=\"so-widget-sow-headline so-widget-sow-headline-default-0d9e820be35d-107197\"\n\t\t\t\n\t\t><div class=\"sow-headline-container \">\n\t\t\t\t\t\t\t<h5 class=\"sow-headline\">\n\t\t\t\t\t\tDie Reisen haben zwei Ziele:\t\t\t\t\t\t<\/h5>\n\t\t\t\t\t\t\t\t\t\t\t<div class=\"decoration\">\n\t\t\t\t\t\t<div class=\"decoration-inside\"><\/div>\n\t\t\t\t\t<\/div>\n\t\t\t\t\t<\/div>\n<\/div><\/div><div id=\"panel-107197-2-0-6\" class=\"so-panel widget widget_siteorigin-panels-builder\" data-index=\"8\" ><div id=\"pl-w6375f78f3e05e\"  class=\"panel-layout\" ><div class=\"row section_row\"><div id=\"pg-w6375f78f3e05e-0\"  class=\"panel-grid panel-no-style\" ><div id=\"pgc-w6375f78f3e05e-0-0\"  class=\"panel-grid-cell\" ><div id=\"panel-w6375f78f3e05e-0-0-0\" class=\"so-panel widget widget_teaser-box panel-first-child panel-last-child\" data-index=\"0\" ><div\n\t\t\t\n\t\t\tclass=\"so-widget-teaser-box so-widget-teaser-box-teaser-box-style-d75171398898\"\n\t\t\t\n\t\t><div class=\"teaser-box\">\n  <div class=\"image position-center\" style=\"background-image: url(https:\/\/staging.compassion.ch\/wp-content\/uploads\/2016\/06\/Web_Version-0905TG-0366.jpg);\"><\/div>\n  <h4 class=\"svg-divider\"><\/h4>\n  <p>Begegnungen mit Menschen, die in extremer Armut leben und die grossartige Arbeit der Kinderzentren in den Partnerkirchen von Compassion kennenzulernen.<\/p>\n<\/div>\n<\/div><\/div><\/div><div id=\"pgc-w6375f78f3e05e-0-1\"  class=\"panel-grid-cell\" ><div id=\"panel-w6375f78f3e05e-0-1-0\" class=\"so-panel widget widget_teaser-box panel-first-child panel-last-child\" data-index=\"1\" ><div\n\t\t\t\n\t\t\tclass=\"so-widget-teaser-box so-widget-teaser-box-teaser-box-style-d75171398898\"\n\t\t\t\n\t\t><div class=\"teaser-box\">\n  <div class=\"image position-\" style=\"background-image: url(https:\/\/staging.compassion.ch\/wp-content\/uploads\/2017\/03\/compassion_waterfilter.jpg);\"><\/div>\n  <h4 class=\"svg-divider\"><\/h4>\n  <p>Im Vorfeld der Reise sammeln die Teilnehmenden gemeinsam Spenden f\u00fcr ein konkretes Projekt, welches sie vor Ort kennenlernen werden.<\/p>\n<\/div>\n<\/div><\/div><\/div><\/div><\/div><\/div><\/div><div id=\"panel-107197-2-0-7\" class=\"so-panel widget widget_sow-editor\" data-index=\"9\" ><div id=\"decouverte\" class=\"panel-widget-style panel-widget-style-for-107197-2-0-7\" ><div\n\t\t\t\n\t\t\tclass=\"so-widget-sow-editor so-widget-sow-editor-base\"\n\t\t\t\n\t\t>\n<div class=\"siteorigin-widget-tinymce textwidget\">\n\t<p style=\"text-align: center;\">F\u00fcr die Patinnen und Paten von Kindern in dem besuchten Land ist es grunds\u00e4tzlich m\u00f6glich, ihr Patenkind zu treffen.<\/p>\n<p style=\"text-align: center;\"><strong>Die n\u00e4chste Impact-Reise wird bald bekannt gegeben.<\/strong><\/p>\n<\/div>\n<\/div><\/div><\/div><div id=\"panel-107197-2-0-8\" class=\"so-panel widget widget_sow-editor\" data-index=\"10\" ><div id=\"decouverte\" class=\"panel-widget-style panel-widget-style-for-107197-2-0-8\" ><div\n\t\t\t\n\t\t\tclass=\"so-widget-sow-editor so-widget-sow-editor-base\"\n\t\t\t\n\t\t>\n<div class=\"siteorigin-widget-tinymce textwidget\">\n\t<hr \/>\n<\/div>\n<\/div><\/div><\/div><div id=\"panel-107197-2-0-9\" class=\"so-panel widget widget_sow-editor\" data-index=\"11\" ><div id=\"sport\" class=\"panel-widget-style panel-widget-style-for-107197-2-0-9\" ><div\n\t\t\t\n\t\t\tclass=\"so-widget-sow-editor so-widget-sow-editor-base\"\n\t\t\t\n\t\t>\n<div class=\"siteorigin-widget-tinymce textwidget\">\n\t<h3 style=\"text-align: center;\"><span style=\"color: #0054a6;\">EIN EXTREMER EINSATZ GEGEN EXTREME ARMUT<\/span><\/h3>\n<p class=\"p1\" style=\"text-align: center;\">Ob du sportlich bist oder gar nicht: die Teilnahme an einem Muskathlon wird das Leben von Kindern in extremer Armut und auch dein eigenes Leben grundlegend ver\u00e4ndern.<\/p>\n<\/div>\n<\/div><\/div><\/div><div id=\"panel-107197-2-0-10\" class=\"so-panel widget widget_sow-editor panel-last-child\" data-index=\"12\" ><div\n\t\t\t\n\t\t\tclass=\"so-widget-sow-editor so-widget-sow-editor-base\"\n\t\t\t\n\t\t>\n<div class=\"siteorigin-widget-tinymce textwidget\">\n\t<h4 style=\"text-align: center;\">Der n\u00e4chste Muskathlon findet 2025 statt<\/h4>\n<\/div>\n<\/div><\/div><\/div><\/div><\/div><\/div><\/div><div class=\"section background-blue\" ><div class=\"row section_row\"><div id=\"pg-107197-3\"  class=\"panel-grid panel-has-style\" ><div id=\"form\" class=\"panel-row-style panel-row-style-for-107197-3\" ><div id=\"pgc-107197-3-0\"  class=\"panel-grid-cell\" ><div id=\"panel-107197-3-0-0\" class=\"so-panel widget widget_sow-editor panel-first-child panel-last-child\" data-index=\"13\" ><div\n\t\t\t\n\t\t\tclass=\"so-widget-sow-editor so-widget-sow-editor-base\"\n\t\t\t\n\t\t>\n<div class=\"siteorigin-widget-tinymce textwidget\">\n\t<h2 style=\"text-align: center;\">Informationen anfordern<\/h2>\n\n<div class=\"wpcf7 no-js\" id=\"wpcf7-f107200-o1\" lang=\"fr-FR\" dir=\"ltr\" data-wpcf7-id=\"107200\">\n<div class=\"screen-reader-response\"><p role=\"status\" aria-live=\"polite\" aria-atomic=\"true\"><\/p> <ul><\/ul><\/div>\n<form action=\"\/de\/wp-json\/wp\/v2\/pages\/107197#wpcf7-f107200-o1\" method=\"post\" class=\"wpcf7-form init\" aria-label=\"Formulaire de contact\" novalidate=\"novalidate\" data-status=\"init\">\n<fieldset class=\"hidden-fields-container\"><input type=\"hidden\" name=\"_wpcf7\" value=\"107200\" \/><input type=\"hidden\" name=\"_wpcf7_version\" value=\"6.1.4\" \/><input type=\"hidden\" name=\"_wpcf7_locale\" value=\"fr_FR\" \/><input type=\"hidden\" name=\"_wpcf7_unit_tag\" value=\"wpcf7-f107200-o1\" \/><input type=\"hidden\" name=\"_wpcf7_container_post\" value=\"0\" \/><input type=\"hidden\" name=\"_wpcf7_posted_data_hash\" value=\"\" \/><input type=\"hidden\" name=\"_wpcf7_recaptcha_response\" value=\"\" \/>\n<\/fieldset>\n<div class=\"large-6 column\">\n\t<div style=\"clear:both\">\n\t<\/div>\n\t<div class=\"field-wrapper\">\n\t\t<p><label>Vorname, Name*<\/label>\n\t\t<\/p>\n\t\t<div class=\"cf7-input-wrapper\">\n\t\t\t<p><span class=\"wpcf7-form-control-wrap\" data-name=\"prenom\"><input size=\"40\" maxlength=\"400\" class=\"wpcf7-form-control wpcf7-text wpcf7-validates-as-required\" aria-required=\"true\" aria-invalid=\"false\" value=\"\" type=\"text\" name=\"prenom\" \/><\/span>\n\t\t\t<\/p>\n\t\t<\/div>\n\t<\/div>\n\t<div class=\"field-wrapper\">\n\t\t<p><label>Telefon*<\/label>\n\t\t<\/p>\n\t\t<div class=\"cf7-input-wrapper\">\n\t\t\t<p><span class=\"wpcf7-form-control-wrap\" data-name=\"tel\"><input size=\"40\" maxlength=\"400\" class=\"wpcf7-form-control wpcf7-text wpcf7-validates-as-required\" aria-required=\"true\" aria-invalid=\"false\" value=\"\" type=\"text\" name=\"tel\" \/><\/span>\n\t\t\t<\/p>\n\t\t<\/div>\n\t<\/div>\n\t<div class=\"field-wrapper\">\n\t\t<p><label>E-Mail*<\/label>\n\t\t<\/p>\n\t\t<div class=\"cf7-input-wrapper\">\n\t\t\t<p><span class=\"wpcf7-form-control-wrap\" data-name=\"email\"><input size=\"40\" maxlength=\"400\" class=\"wpcf7-form-control wpcf7-email wpcf7-validates-as-required wpcf7-text wpcf7-validates-as-email\" aria-required=\"true\" aria-invalid=\"false\" value=\"\" type=\"email\" name=\"email\" \/><\/span>\n\t\t\t<\/p>\n\t\t<\/div>\n\t<\/div>\n<\/div>\n<div class=\"large-6 column\">\n\t<div style=\"clear:both\">\n\t<\/div>\n\t<div class=\"field-wrapper\">\n\t\t<p><label>Ausw\u00e4hlen*<\/label>\n\t\t<\/p>\n\t\t<div class=\"cf7-input-wrapper\">\n\t\t\t<div class=\"select-wrapper\">\n\t\t\t\t<p><span class=\"wpcf7-form-control-wrap\" data-name=\"menu-585\"><select class=\"wpcf7-form-control wpcf7-select wpcf7-validates-as-required\" aria-required=\"true\" aria-invalid=\"false\" name=\"menu-585\"><option value=\"\">Ausw\u00e4hlen*<\/option><option value=\"die n\u00e4chste Impact-Reise\">die n\u00e4chste Impact-Reise<\/option><option value=\"einen individuellen Besuch bei meinem Patenkind\">einen individuellen Besuch bei meinem Patenkind<\/option><\/select><\/span>\n\t\t\t\t<\/p>\n\t\t\t<\/div>\n\t\t<\/div>\n\t<\/div>\n\t<div class=\"field-wrapper\">\n\t\t<p><label>Anmerkungen<\/label>\n\t\t<\/p>\n\t\t<div class=\"cf7-input-wrapper\">\n\t\t\t<p><span class=\"wpcf7-form-control-wrap\" data-name=\"message\"><textarea cols=\"40\" rows=\"10\" maxlength=\"2000\" class=\"wpcf7-form-control wpcf7-textarea\" aria-invalid=\"false\" name=\"message\"><\/textarea><\/span>\n\t\t\t<\/p>\n\t\t<\/div>\n\t<\/div>\n\t<div class=\"field-wrapper\">\n\t\t<p><input class=\"wpcf7-form-control wpcf7-submit has-spinner button float-right button-beige button-medium\" type=\"submit\" value=\"Senden\" \/>\n\t\t<\/p>\n\t<\/div>\n<\/div><div class=\"wpcf7-response-output\" aria-hidden=\"true\"><\/div>\n<\/form>\n<\/div>\n\n<\/div>\n<\/div><\/div><\/div><\/div><\/div><\/div><\/div><\/div>","protected":false},"excerpt":{"rendered":"<p>Reisen mit Compassion M\u00f6chtest du dein Patenkind treffen, ein Kinderzentrum besuchen oder an einer Impact-Reise teilnehmen? Compassion hilft dir mit den Vorbereitungen f\u00fcr einen Besuch vor Ort.<\/p>\n","protected":false},"author":8,"featured_media":0,"parent":0,"menu_order":0,"comment_status":"closed","ping_status":"closed","template":"","meta":{"give_campaign_id":0,"footnotes":""},"class_list":["post-107197","page","type-page","status-publish","hentry"],"campaignId":"","_links":{"self":[{"href":"https:\/\/staging.compassion.ch\/de\/wp-json\/wp\/v2\/pages\/107197","targetHints":{"allow":["GET"]}}],"collection":[{"href":"https:\/\/staging.compassion.ch\/de\/wp-json\/wp\/v2\/pages"}],"about":[{"href":"https:\/\/staging.compassion.ch\/de\/wp-json\/wp\/v2\/types\/page"}],"author":[{"embeddable":true,"href":"https:\/\/staging.compassion.ch\/de\/wp-json\/wp\/v2\/users\/8"}],"replies":[{"embeddable":true,"href":"https:\/\/staging.compassion.ch\/de\/wp-json\/wp\/v2\/comments?post=107197"}],"version-history":[{"count":2,"href":"https:\/\/staging.compassion.ch\/de\/wp-json\/wp\/v2\/pages\/107197\/revisions"}],"predecessor-version":[{"id":521305,"href":"https:\/\/staging.compassion.ch\/de\/wp-json\/wp\/v2\/pages\/107197\/revisions\/521305"}],"wp:attachment":[{"href":"https:\/\/staging.compassion.ch\/de\/wp-json\/wp\/v2\/media?parent=107197"}],"curies":[{"name":"wp","href":"https:\/\/api.w.org\/{rel}","templated":true}]}}