{"id":10185,"date":"2016-12-15T13:41:55","date_gmt":"2016-12-15T12:41:55","guid":{"rendered":"https:\/\/compassion.ch\/?page_id=10185\/"},"modified":"2023-09-14T12:13:13","modified_gmt":"2023-09-14T10:13:13","slug":"spenden","status":"publish","type":"page","link":"https:\/\/staging.compassion.ch\/de\/spenden\/","title":{"rendered":"Spenden"},"content":{"rendered":"<div id=\"pl-10185\"  class=\"panel-layout\" ><div class=\"section background-blue section_abgerissen_unten remove_margin_bottom section_full_width has_breadcrumb\" ><div class=\"row section_breadcrumb\"><ul id=\"breadcrumbs\" class=\"breadcrumbs\"><li class=\"item-home\"><a class=\"bread-link bread-home\" href=\"https:\/\/staging.compassion.ch\/de\/\" title=\"Home\">Home<\/a><\/li><li class=\"separator separator-home\"> <span class=\"triangle\"><\/span> <\/li><\/ul><\/div><div id=\"pg-10185-0\"  class=\"panel-grid panel-no-style\" ><div id=\"pgc-10185-0-0\"  class=\"panel-grid-cell\" ><div id=\"panel-10185-0-0-0\" class=\"so-panel widget widget_sow-editor panel-first-child panel-last-child\" data-index=\"0\" ><div\n\t\t\t\n\t\t\tclass=\"so-widget-sow-editor so-widget-sow-editor-base\"\n\t\t\t\n\t\t>\n<div class=\"siteorigin-widget-tinymce textwidget\">\n\t<h2 style=\"text-align: center;\"><strong>Spenden\u00a0\u2013 Praktische Hilfe<br \/><\/strong><strong>\u00fcber\u00a0die Patenschaften hinaus<\/strong><\/h2>\n<p class=\"subtitle\" style=\"text-align: center;\">Aus den Erg\u00e4nzenden Hilfsfonds f\u00f6rdern wir die Entwicklung der Kinder in den Compassion-Kinderzentren,<br \/>wo die Patenschaftsbeitr\u00e4ge allein nicht ausreichen w\u00fcrden. Und wir helfen in Krisensituationen, die die Kinder und<br \/>ihre Familien betreffen. Unter anderem sorgen wir f\u00fcr:<strong><em><br \/><\/em><\/strong><\/p>\n<\/div>\n<\/div><\/div><\/div><\/div><\/div><\/div><div class=\"section background-beige\" ><div class=\"row section_row\"><div id=\"pg-10185-1\"  class=\"panel-grid panel-no-style\" ><div id=\"pgc-10185-1-0\"  class=\"panel-grid-cell\" ><div id=\"panel-10185-1-0-0\" class=\"so-panel widget widget_siteorigin-panels-builder panel-first-child panel-last-child\" data-index=\"1\" ><div id=\"pl-w6502dcb9b375b\"  class=\"panel-layout\" ><div class=\"section matchHeight\" ><div class=\"row section_row\"><div id=\"pg-w6502dcb9b375b-0\"  class=\"panel-grid panel-no-style\" ><div id=\"pgc-w6502dcb9b375b-0-0\"  class=\"panel-grid-cell\" ><div id=\"panel-w6502dcb9b375b-0-0-0\" class=\"so-panel widget widget_teaser-box panel-first-child panel-last-child\" data-index=\"0\" ><div id=\"img_don_top\" class=\"panel-widget-style panel-widget-style-for-w6502dcb9b375b-0-0-0\" ><div\n\t\t\t\n\t\t\tclass=\"so-widget-teaser-box so-widget-teaser-box-teaser-box-style-d75171398898\"\n\t\t\t\n\t\t><div class=\"teaser-box\">\n  <div class=\"image position-\" style=\"background-image: url(https:\/\/staging.compassion.ch\/wp-content\/uploads\/2022\/06\/food_crisis_compassion.jpg);\"><\/div>\n  <h4 class=\"svg-divider\">Lebensmittelverteilung<\/h4>\n  <p>&nbsp;<\/p>\n<p>Das Lebensmittelhilfeprogramm ist eine Reaktion auf den massiven Anstieg der Lebensmittelpreise infolge der aktuellen Nahrungsmittelkrise. Mit dem Programm werden Lebensmittelvorr\u00e4te an Familien in besonders prek\u00e4ren Situationen verteilt.<\/p>\n<p><a id=\"#\" href=\"https:\/\/staging.compassion.ch\/de\/die-nahrungsmittelkrise-ist-ernst\/#don\" class=\"button button-blue button-medium\">Jetzt spenden<\/a><\/p>\n<\/div>\n<\/div><\/div><\/div><\/div><\/div><\/div><div class=\"section matchHeight\" ><div class=\"row section_row\"><div id=\"pg-w6502dcb9b375b-1\"  class=\"panel-grid panel-no-style\" ><div id=\"pgc-w6502dcb9b375b-1-0\"  class=\"panel-grid-cell\" ><div id=\"panel-w6502dcb9b375b-1-0-0\" class=\"so-panel widget widget_teaser-box panel-first-child panel-last-child\" data-index=\"1\" ><div\n\t\t\t\n\t\t\tclass=\"so-widget-teaser-box so-widget-teaser-box-teaser-box-style-d75171398898\"\n\t\t\t\n\t\t><div class=\"teaser-box\">\n  <div class=\"image position-\" style=\"background-image: url(https:\/\/staging.compassion.ch\/wp-content\/uploads\/2022\/05\/compassion_survival.jpg);\"><\/div>\n  <h4 class=\"svg-divider\"> Babys und M\u00fcttern helfen<\/h4>\n  <p>Das \u00dcberlebensprogramm erm\u00f6glich Frauen eine sichere Schwangerschaft, eine Geburt in einer medizinischen Einrichtung und ihren Babys einen gesunden Start ins Leben. Die M\u00fctter werden in ihren gesundheitlichen, wirtschaftlichen und sozialen Bed\u00fcrfnissen vor und nach einer Geburt unterst\u00fctzt.<\/p>\n<p><a id=\"#\" href=\"\/de\/ueberleben#don\" class=\"button button-blue button-medium\">Jetzt spenden<\/a><\/p>\n<\/div>\n<\/div><\/div><\/div><div id=\"pgc-w6502dcb9b375b-1-1\"  class=\"panel-grid-cell\" ><div id=\"panel-w6502dcb9b375b-1-1-0\" class=\"so-panel widget widget_teaser-box panel-first-child panel-last-child\" data-index=\"2\" ><div\n\t\t\t\n\t\t\tclass=\"so-widget-teaser-box so-widget-teaser-box-teaser-box-style-d75171398898\"\n\t\t\t\n\t\t><div class=\"teaser-box\">\n  <div class=\"image position-\" style=\"background-image: url(https:\/\/staging.compassion.ch\/wp-content\/uploads\/2016\/07\/weihnachtsgeschenk2.png);\"><\/div>\n  <h4 class=\"svg-divider\">Weihnachtsgeschenk<\/h4>\n  <p>Jedes Kind in einem Compassion-Kinderzentrum erh\u00e4lt ein Weihnachtsgeschenk. Dazu bitten wir die Paten, bereits im Oktober an den Weihnachtsfonds von Compassion zu spenden. Aus dem Weihnachtsfonds wird dann f\u00fcr jedes Kind ein Geschenk besorgt. Eine sch\u00f6ne M\u00f6glichkeit auch f\u00fcr Freunde, den Hauskreis oder Kollegen, um den Kindern eine Freude zu machen.<\/p>\n<p><a id=\"#\" href=\"\/de\/weihnachten\/?fund_code=noel&fund_amount=60\" class=\"button button-blue button-medium\">Jetzt spenden<\/a><\/p>\n<\/div>\n<\/div><\/div><\/div><\/div><\/div><div class=\"row section_row\"><div id=\"pg-w6502dcb9b375b-2\"  class=\"panel-grid panel-no-style\" ><div id=\"pgc-w6502dcb9b375b-2-0\"  class=\"panel-grid-cell\" ><div id=\"panel-w6502dcb9b375b-2-0-0\" class=\"so-panel widget widget_teaser-box panel-first-child panel-last-child\" data-index=\"3\" ><div\n\t\t\t\n\t\t\tclass=\"so-widget-teaser-box so-widget-teaser-box-teaser-box-style-d75171398898\"\n\t\t\t\n\t\t><div class=\"teaser-box\">\n  <div class=\"image position-\" style=\"background-image: url(https:\/\/staging.compassion.ch\/wp-content\/uploads\/2016\/12\/compassion_fonds_urgence.jpg);\"><\/div>\n  <h4 class=\"svg-divider\">Aktuelle Nothilfe<\/h4>\n  <p>Wenn du das Anliegen von Compassion unterst\u00fctzen m\u00f6chtest, kannst du in den Fonds \u201eAktuelle Nothilfe\u201c spenden. Das Geld wird dann dort verwendet, wo es am notwendigsten gebraucht wird. Oder du gibst zweckgebunden in einen der anderen Fonds, damit Compassion auf diesen Gebieten helfen kann. Deine Hilfe wird ein Segen sein.<\/p>\n<p><a id=\"#\" href=\"\/de\/spendenformular\/?fund_code=humanitaire\" class=\"button button-blue button-medium\">Jetzt spenden<\/a><\/p>\n<\/div>\n<\/div><\/div><\/div><div id=\"pgc-w6502dcb9b375b-2-1\"  class=\"panel-grid-cell\" ><div id=\"panel-w6502dcb9b375b-2-1-0\" class=\"so-panel widget widget_teaser-box panel-first-child panel-last-child\" data-index=\"4\" ><div\n\t\t\t\n\t\t\tclass=\"so-widget-teaser-box so-widget-teaser-box-teaser-box-style-d75171398898\"\n\t\t\t\n\t\t><div class=\"teaser-box\">\n  <div class=\"image position-\" style=\"background-image: url(https:\/\/staging.compassion.ch\/wp-content\/uploads\/2020\/07\/compassion_TOGETHER_banner.jpg);\"><\/div>\n  <h4 class=\"svg-divider\">Eigene Spendenaktion starten<\/h4>\n  <p>Marathon? Geburtstag? Starte dein eigenes Projekt oder schliesse dich einem Projekt an auf unserer interaktiven Fundraisingplattform TOGETHER!<\/p>\n<p><a id=\"#\" href=\"https:\/\/together.staging.compassion.ch\/de_DE\/homepage\" class=\"button button-blue button-medium\">Mehr erfahren<\/a><\/p>\n<\/div>\n<\/div><\/div><\/div><\/div><\/div><div class=\"section matchHeight\" ><div class=\"row section_row\"><div id=\"pg-w6502dcb9b375b-3\"  class=\"panel-grid panel-no-style\" ><div id=\"pgc-w6502dcb9b375b-3-0\"  class=\"panel-grid-cell\" ><div id=\"panel-w6502dcb9b375b-3-0-0\" class=\"so-panel widget widget_teaser-box panel-first-child panel-last-child\" data-index=\"5\" ><div\n\t\t\t\n\t\t\tclass=\"so-widget-teaser-box so-widget-teaser-box-teaser-box-style-d75171398898\"\n\t\t\t\n\t\t><div class=\"teaser-box\">\n  <div class=\"image position-\" style=\"background-image: url(https:\/\/staging.compassion.ch\/wp-content\/uploads\/2016\/12\/compassion_fonds_water.jpg);\"><\/div>\n  <h4 class=\"svg-divider\">Sauberes Wasser<\/h4>\n  <p>Aus diesem Fonds werden Wasseraufbereitungsanlagen gekauft, sanit\u00e4re Anlagen in den Projekten installiert, Wassertanks aufgestellt, Hygiene-Trainingsprogramme finanziert und Wasserfilter f\u00fcr die Familien der Patenkinder bereitgestellt. Erm\u00f6gliche Familien von Patenkindern und ganzen D\u00f6rfern, sauberes Trinkwasser zu erhalten. Diese Massnahmen reduzieren die \u00a0hohe Kindersterblichkeit nachweislich.<\/p>\n<p><a id=\"#\" href=\"\/de\/spendenformular\/?fund_code=wash\" class=\"button button-blue button-medium\">Jetzt spenden<\/a><\/p>\n<\/div>\n<\/div><\/div><\/div><div id=\"pgc-w6502dcb9b375b-3-1\"  class=\"panel-grid-cell\" ><div id=\"panel-w6502dcb9b375b-3-1-0\" class=\"so-panel widget widget_teaser-box panel-first-child panel-last-child\" data-index=\"6\" ><div\n\t\t\t\n\t\t\tclass=\"so-widget-teaser-box so-widget-teaser-box-teaser-box-style-d75171398898\"\n\t\t\t\n\t\t><div class=\"teaser-box\">\n  <div class=\"image position-\" style=\"background-image: url(https:\/\/staging.compassion.ch\/wp-content\/uploads\/2016\/12\/compassion_fonds_medecine.jpg);\"><\/div>\n  <h4 class=\"svg-divider\">Medizinische Hilfe<\/h4>\n  <p>Aus diesem Fonds werden zum Beispiel Operationen und Eingriffe bezahlt, Augenleiden behoben oder Kinder mit Beeintr\u00e4chtigungen unterst\u00fctzt. Zudem werden AIDS\/HIV-Medikamente und Gesundheitskampagnen finanziert und Malaria bek\u00e4mpft. Erm\u00f6gliche Hilfe in L\u00e4ndern, in denen Krankenkasse ein Fremdwort ist. Z.B. f\u00fcr die Mutter eines Patenkindes, die sich sonst einen wichtigen Arztbesuch gar nicht leisten k\u00f6nnte.<\/p>\n<p><a id=\"#\" href=\"\/de\/spendenformular\/?fund_code=medical\" class=\"button button-blue button-medium\">Jetzt spenden<\/a><\/p>\n<\/div>\n<\/div><\/div><\/div><\/div><\/div><div class=\"section matchHeight\" ><div class=\"row section_row\"><div id=\"pg-w6502dcb9b375b-4\"  class=\"panel-grid panel-no-style\" ><div id=\"pgc-w6502dcb9b375b-4-0\"  class=\"panel-grid-cell\" ><div id=\"panel-w6502dcb9b375b-4-0-0\" class=\"so-panel widget widget_teaser-box panel-first-child panel-last-child\" data-index=\"7\" ><div\n\t\t\t\n\t\t\tclass=\"so-widget-teaser-box so-widget-teaser-box-teaser-box-style-d75171398898\"\n\t\t\t\n\t\t><div class=\"teaser-box\">\n  <div class=\"image position-\" style=\"background-image: url(https:\/\/staging.compassion.ch\/wp-content\/uploads\/2016\/12\/compassion_fonds_parraine.jpg);\"><\/div>\n  <h4 class=\"svg-divider\">Kinder, die ihren Paten verloren haben <\/h4>\n  <p>Diese Kinder gehen bereits ins Kinderzentrum, warten aber noch auf einen Paten oder haben ihren Paten verloren. Sie werden nicht aus dem Kinderzentrum ausgeschlossen und deswegen werden in der Zwischenzeit die Kosten durch diesen besonderen Fonds gedeckt, bis ein neuer Pate gefunden wird\u00a0(das dauert im Durchschnitt 6-8 Monate).<\/p>\n<p><a id=\"#\" href=\"\/de\/spendenformular\/?fund_code=sansparrain\" class=\"button button-blue button-medium\">Jetzt spenden<\/a><\/p>\n<\/div>\n<\/div><\/div><\/div><div id=\"pgc-w6502dcb9b375b-4-1\"  class=\"panel-grid-cell\" ><div id=\"panel-w6502dcb9b375b-4-1-0\" class=\"so-panel widget widget_teaser-box panel-first-child panel-last-child\" data-index=\"8\" ><div\n\t\t\t\n\t\t\tclass=\"so-widget-teaser-box so-widget-teaser-box-teaser-box-style-d75171398898\"\n\t\t\t\n\t\t><div class=\"teaser-box\">\n  <div class=\"image position-\" style=\"background-image: url(https:\/\/staging.compassion.ch\/wp-content\/uploads\/2022\/06\/legagy_compassion_thumb.jpg);\"><\/div>\n  <h4 class=\"svg-divider\">Spuren hinterlassen<\/h4>\n  <p>Welche Spuren m\u00f6chtest du hinterlassen? Indem du Compassion in deinem Testament ber\u00fccksichtigst, machst du m\u00f6glich, dass Kinder den Weg aus der extremen Armut gehen k\u00f6nnen. Selbst dann, wenn dein eigener Weg zu einem Ende gekommen ist.<\/p>\n<p><a id=\"#\" href=\"https:\/\/staging.compassion.ch\/de\/vermaechtnis-fuer-kinder-in-armut\/\" class=\"button button-blue button-medium\">Hier erf\u00e4hrst du mehr<\/a><\/p>\n<\/div>\n<\/div><\/div><\/div><\/div><\/div><\/div><\/div><\/div><\/div><\/div><\/div><\/div>","protected":false},"excerpt":{"rendered":"<p>Spenden\u00a0\u2013 Praktische Hilfe\u00fcber\u00a0die Patenschaften hinaus Aus den Erg\u00e4nzenden Hilfsfonds f\u00f6rdern wir die Entwicklung der Kinder in den Compassion-Kinderzentren,wo die Patenschaftsbeitr\u00e4ge allein nicht ausreichen w\u00fcrden. Und wir helfen in Krisensituationen, die die Kinder undihre Familien betreffen. Unter anderem sorgen wir f\u00fcr:<\/p>\n","protected":false},"author":8,"featured_media":0,"parent":0,"menu_order":0,"comment_status":"closed","ping_status":"closed","template":"","meta":{"give_campaign_id":0,"footnotes":""},"class_list":["post-10185","page","type-page","status-publish","hentry"],"campaignId":"","_links":{"self":[{"href":"https:\/\/staging.compassion.ch\/de\/wp-json\/wp\/v2\/pages\/10185","targetHints":{"allow":["GET"]}}],"collection":[{"href":"https:\/\/staging.compassion.ch\/de\/wp-json\/wp\/v2\/pages"}],"about":[{"href":"https:\/\/staging.compassion.ch\/de\/wp-json\/wp\/v2\/types\/page"}],"author":[{"embeddable":true,"href":"https:\/\/staging.compassion.ch\/de\/wp-json\/wp\/v2\/users\/8"}],"replies":[{"embeddable":true,"href":"https:\/\/staging.compassion.ch\/de\/wp-json\/wp\/v2\/comments?post=10185"}],"version-history":[{"count":0,"href":"https:\/\/staging.compassion.ch\/de\/wp-json\/wp\/v2\/pages\/10185\/revisions"}],"wp:attachment":[{"href":"https:\/\/staging.compassion.ch\/de\/wp-json\/wp\/v2\/media?parent=10185"}],"curies":[{"name":"wp","href":"https:\/\/api.w.org\/{rel}","templated":true}]}}